{"id":244767,"date":"2021-09-10T07:54:16","date_gmt":"2021-09-10T05:54:16","guid":{"rendered":"https:\/\/ergotek.de\/module-conveyor\/flexitek-55"},"modified":"2024-12-16T16:17:11","modified_gmt":"2024-12-16T15:17:11","slug":"flexitek-55","status":"publish","type":"page","link":"https:\/\/ergotek.de\/en\/module-conveyor\/flexitek-55","title":{"rendered":"FlexiTek-55"},"content":{"rendered":"<p>[et_pb_section fb_built=&#8221;1&#8243; admin_label=&#8221;Hero&#8221; _builder_version=&#8221;4.16&#8243; use_background_color_gradient=&#8221;on&#8221; background_color_gradient_stops=&#8221;rgba(0,0,0,0.31) 0%|rgba(0,0,0,0.31) 100%&#8221; background_color_gradient_overlays_image=&#8221;on&#8221; background_color_gradient_start=&#8221;rgba(0,0,0,0.31)&#8221; background_color_gradient_end=&#8221;rgba(0,0,0,0.31)&#8221; background_image=&#8221;https:\/\/ergotek.de\/wp-content\/uploads\/2021\/09\/FlexiTek-mit-3fach-WT-scaled.jpg&#8221; min_height=&#8221;770px&#8221; min_height_tablet=&#8221;770px&#8221; min_height_phone=&#8221;770px&#8221; min_height_last_edited=&#8221;on|phone&#8221; custom_padding=&#8221;110px|0px|110px|0px|false|false&#8221; bottom_divider_style=&#8221;ramp2&#8243; bottom_divider_color=&#8221;#0C71C3&#8243; animation_style=&#8221;zoom&#8221; animation_intensity_zoom=&#8221;4%&#8221; da_disable_devices=&#8221;off|off|off&#8221; global_colors_info=&#8221;{}&#8221; da_is_popup=&#8221;off&#8221; da_exit_intent=&#8221;off&#8221; da_has_close=&#8221;on&#8221; da_alt_close=&#8221;off&#8221; da_dark_close=&#8221;off&#8221; da_not_modal=&#8221;on&#8221; da_is_singular=&#8221;off&#8221; da_with_loader=&#8221;off&#8221; da_has_shadow=&#8221;on&#8221;][et_pb_row _builder_version=&#8221;4.16&#8243; background_size=&#8221;initial&#8221; background_position=&#8221;top_left&#8221; background_repeat=&#8221;repeat&#8221; custom_padding=&#8221;|||&#8221; animation_style=&#8221;slide&#8221; animation_direction=&#8221;top&#8221; animation_intensity_slide=&#8221;3%&#8221; global_colors_info=&#8221;{}&#8221;][et_pb_column type=&#8221;4_4&#8243; _builder_version=&#8221;4.16&#8243; custom_padding=&#8221;|||&#8221; global_colors_info=&#8221;{}&#8221; custom_padding__hover=&#8221;|||&#8221;][et_pb_text _builder_version=&#8221;4.16&#8243; text_font=&#8221;Montserrat|500||on|||||&#8221; text_text_color=&#8221;#FFFFFF&#8221; text_letter_spacing=&#8221;3px&#8221; header_2_text_color=&#8221;#FFFFFF&#8221; header_2_font_size=&#8221;24px&#8221; background_size=&#8221;initial&#8221; background_position=&#8221;top_left&#8221; background_repeat=&#8221;repeat&#8221; animation_style=&#8221;slide&#8221; animation_direction=&#8221;bottom&#8221; locked=&#8221;off&#8221; global_colors_info=&#8221;{}&#8221;]<\/p>\n<h2>Modular belt conveyor<\/h2>\n<p>[\/et_pb_text][et_pb_text _builder_version=&#8221;4.17.3&#8243; text_font=&#8221;||||||||&#8221; header_font=&#8221;|700||on|||||&#8221; header_text_color=&#8221;#ffffff&#8221; header_font_size=&#8221;50px&#8221; header_line_height=&#8221;1.3em&#8221; header_2_font=&#8221;||||||||&#8221; background_size=&#8221;initial&#8221; background_position=&#8221;top_left&#8221; background_repeat=&#8221;repeat&#8221; animation_style=&#8221;fade&#8221; header_font_size_tablet=&#8221;50px&#8221; header_font_size_phone=&#8221;35px&#8221; header_font_size_last_edited=&#8221;on|phone&#8221; locked=&#8221;off&#8221; global_colors_info=&#8221;{}&#8221;]<\/p>\n<h1>FlexiTek-55<\/h1>\n<p>[\/et_pb_text][et_pb_text _builder_version=&#8221;4.16&#8243; text_font=&#8221;||||||||&#8221; text_text_color=&#8221;#ffffff&#8221; text_font_size=&#8221;24px&#8221; text_line_height=&#8221;1.5em&#8221; background_size=&#8221;initial&#8221; background_position=&#8221;top_left&#8221; background_repeat=&#8221;repeat&#8221; module_alignment=&#8221;left&#8221; animation_style=&#8221;flip&#8221; animation_direction=&#8221;top&#8221; animation_intensity_flip=&#8221;20%&#8221; locked=&#8221;off&#8221; global_colors_info=&#8221;{}&#8221;]<\/p>\n<p>Power and Free! As an accumulating pallet circulation system, it adapts to different cycle times when interlinked.<\/p>\n<p>By simply connecting the structural component holder, the structural component holder can be flexibly adapted to the component dimensions.<\/p>\n<p>The system can be easily adapted to the required task using stoppers, separators and indexing.<\/p>\n<p>[\/et_pb_text][\/et_pb_column][\/et_pb_row][\/et_pb_section][et_pb_section fb_built=&#8221;1&#8243; admin_label=&#8221;Text and Image&#8221; _builder_version=&#8221;4.16&#8243; background_color=&#8221;#f7f7f7&#8243; custom_padding=&#8221;110px|0px|110px|0px&#8221; da_disable_devices=&#8221;off|off|off&#8221; global_colors_info=&#8221;{}&#8221; da_is_popup=&#8221;off&#8221; da_exit_intent=&#8221;off&#8221; da_has_close=&#8221;on&#8221; da_alt_close=&#8221;off&#8221; da_dark_close=&#8221;off&#8221; da_not_modal=&#8221;on&#8221; da_is_singular=&#8221;off&#8221; da_with_loader=&#8221;off&#8221; da_has_shadow=&#8221;on&#8221;][et_pb_row disabled_on=&#8221;off|off|off&#8221; _builder_version=&#8221;4.18.0&#8243; background_size=&#8221;initial&#8221; background_position=&#8221;top_left&#8221; background_repeat=&#8221;repeat&#8221; locked=&#8221;off&#8221; global_colors_info=&#8221;{}&#8221;][et_pb_column type=&#8221;4_4&#8243; _builder_version=&#8221;4.16&#8243; custom_padding=&#8221;|||&#8221; global_colors_info=&#8221;{}&#8221; custom_padding__hover=&#8221;|||&#8221;][et_pb_text _builder_version=&#8221;4.27.4&#8243; _module_preset=&#8221;default&#8221; global_colors_info=&#8221;{}&#8221;]<\/p>\n<h2 style=\"text-align: left;\">FlexiTek-55 accumulating pallet circulation system<\/h2>\n<p>&nbsp;<\/p>\n<p>Our FlexiTek-55 accumulating pallet circulation system is optimized for variable use and short changeover times.<\/p>\n<p>FlexiTek-55 adapts easily to the different cycle times for infeed and outfeed in the interlinking of your production systems. The structural component holder can be connected in a simple way to allow different component dimensions flexibly and optimally. Using stoppers, separators and indexing, FlexiTek-55 can be adapted to the required task within a very short time.<\/p>\n<p>The dimensions of the ErgoTek plastic modular belt can also be individually adapted to your production requirements for our FlexiTek pallet circulation systems.<\/p>\n<p>The <a href=\"https:\/\/ergotek.de\/ideen-aus-kunststoff\/kunststoff-modulkette\">ErgoTek plastic modular belt<\/a> and all drive components used are:<\/p>\n<ul>\n<li>Maintenance-free \/ <span style=\"font-size: 14px;\">free of lubricants<\/span><\/li>\n<li>Intrinsically safe \/ stable<\/li>\n<li>reversible \/ without chain bag<\/li>\n<li>Flexible and robust, in all installation positions<\/li>\n<\/ul>\n<p>Do you have special requirements in the food or pharmaceutical industry or need solutions for ESD-compliant transportation to protect your components from electrostatic influences?<br \/>We have solutions for your requirements!<\/p>\n<p>[\/et_pb_text][\/et_pb_column][\/et_pb_row][et_pb_row column_structure=&#8221;2_3,1_3&#8243; disabled_on=&#8221;off|off|off&#8221; _builder_version=&#8221;4.18.0&#8243; _module_preset=&#8221;default&#8221; custom_padding=&#8221;||0px||false|false&#8221; locked=&#8221;off&#8221; global_colors_info=&#8221;{}&#8221;][et_pb_column type=&#8221;2_3&#8243; _builder_version=&#8221;4.18.0&#8243; _module_preset=&#8221;default&#8221; global_colors_info=&#8221;{}&#8221;][et_pb_text _builder_version=&#8221;4.18.0&#8243; _module_preset=&#8221;default&#8221; global_colors_info=&#8221;{}&#8221;]<\/p>\n<h2>Technical data (basic version)<\/h2>\n<p>[\/et_pb_text][\/et_pb_column][et_pb_column type=&#8221;1_3&#8243; _builder_version=&#8221;4.18.0&#8243; _module_preset=&#8221;default&#8221; global_colors_info=&#8221;{}&#8221;][\/et_pb_column][\/et_pb_row][et_pb_row column_structure=&#8221;2_3,1_3&#8243; disabled_on=&#8221;off|off|off&#8221; _builder_version=&#8221;4.18.0&#8243; _module_preset=&#8221;default&#8221; custom_padding=&#8221;0px||||false|false&#8221; locked=&#8221;off&#8221; global_colors_info=&#8221;{}&#8221;][et_pb_column type=&#8221;2_3&#8243; _builder_version=&#8221;4.18.0&#8243; _module_preset=&#8221;default&#8221; global_colors_info=&#8221;{}&#8221;][et_pb_code _builder_version=&#8221;4.25.1&#8243; _module_preset=&#8221;default&#8221; global_colors_info=&#8221;{}&#8221;]<div id=\"tablepress-31de-scroll-wrapper\" class=\"tablepress-scroll-wrapper\">\n\n<table id=\"tablepress-31de\" class=\"tablepress tablepress-id-31de tablepress-responsive\">\n<tbody class=\"row-hover\">\n<tr class=\"row-1\">\n\t<td class=\"column-1\">ErgoTek Modulkette:<\/td><td class=\"column-2\">Bandbreite ab 160 mm (Einzel-Strang)<\/td>\n<\/tr>\n<tr class=\"row-2\">\n\t<td class=\"column-1\">ErgoTek Modulkette:<\/td><td class=\"column-2\">Bandl\u00e4nge ab 633 mm<\/td>\n<\/tr>\n<tr class=\"row-3\">\n\t<td class=\"column-1\">Gesamtbelastung:<\/td><td class=\"column-2\">bis 120 kg<\/td>\n<\/tr>\n<tr class=\"row-4\">\n\t<td class=\"column-1\">WT-Wechselzeiten:<\/td><td class=\"column-2\"><b>< 0,9 s<\/b> (bei Einzel-WT)<\/td>\n<\/tr>\n<tr class=\"row-5\">\n\t<td class=\"column-1\">Antriebsvariante:<\/td><td class=\"column-2\">Direktantrieb<\/td>\n<\/tr>\n<tr class=\"row-6\">\n\t<td class=\"column-1\">Kettenmodul-Raster:<\/td><td class=\"column-2\">27,5 mm (bzw. 55 mm)<\/td>\n<\/tr>\n<tr class=\"row-7\">\n\t<td class=\"column-1\">Werkzeugaufnahme:<\/td><td class=\"column-2\">ErgoTek Standard-Werkst\u00fccktr\u00e4ger-Anschluss<\/td>\n<\/tr>\n<tr class=\"row-8\">\n\t<td class=\"column-1\">Standard-Zubeh\u00f6r:<\/td><td class=\"column-2\"><b>Stopper, Vereinzelungen, Indexierungen, als Standardkomponenten<\/b><\/td>\n<\/tr>\n<\/tbody>\n<\/table>\n\n<\/div><!-- #tablepress-31de from cache -->[\/et_pb_code][\/et_pb_column][et_pb_column type=&#8221;1_3&#8243; _builder_version=&#8221;4.18.0&#8243; _module_preset=&#8221;default&#8221; global_colors_info=&#8221;{}&#8221;][et_pb_image src=&#8221;https:\/\/ergotek.de\/wp-content\/uploads\/mbf-p55-120_flexitek_a633_1sp.jpg&#8221; alt=&#8221;FlexiTek-55 accumulating pallet circulation system (single lane)&#8221; title_text=&#8221;mbf-p55-120_flexitek_a633_1-lane&#8221; show_in_lightbox=&#8221;on&#8221; use_overlay=&#8221;on&#8221; _builder_version=&#8221;4.18.0&#8243; _module_preset=&#8221;default&#8221; custom_margin=&#8221;||10px||false|false&#8221; box_shadow_style=&#8221;preset1&#8243; global_colors_info=&#8221;{}&#8221;][\/et_pb_image][et_pb_text _builder_version=&#8221;4.18.0&#8243; _module_preset=&#8221;default&#8221; text_orientation=&#8221;center&#8221; global_colors_info=&#8221;{}&#8221;]<\/p>\n<p>Basic version (single lane)<\/p>\n<p>[\/et_pb_text][\/et_pb_column][\/et_pb_row][et_pb_row column_structure=&#8221;2_3,1_3&#8243; disabled_on=&#8221;off|off|off&#8221; _builder_version=&#8221;4.18.0&#8243; _module_preset=&#8221;default&#8221; custom_padding=&#8221;||0px||false|false&#8221; locked=&#8221;off&#8221; global_colors_info=&#8221;{}&#8221;][et_pb_column type=&#8221;2_3&#8243; _builder_version=&#8221;4.18.0&#8243; _module_preset=&#8221;default&#8221; global_colors_info=&#8221;{}&#8221;][et_pb_text _builder_version=&#8221;4.18.0&#8243; _module_preset=&#8221;default&#8221; global_colors_info=&#8221;{}&#8221;]<\/p>\n<h2>Modular expansion options<\/h2>\n<p>[\/et_pb_text][\/et_pb_column][et_pb_column type=&#8221;1_3&#8243; _builder_version=&#8221;4.18.0&#8243; _module_preset=&#8221;default&#8221; global_colors_info=&#8221;{}&#8221;][\/et_pb_column][\/et_pb_row][et_pb_row column_structure=&#8221;2_3,1_3&#8243; disabled_on=&#8221;off|off|off&#8221; _builder_version=&#8221;4.18.0&#8243; _module_preset=&#8221;default&#8221; custom_padding=&#8221;0px||||false|false&#8221; locked=&#8221;off&#8221; global_colors_info=&#8221;{}&#8221;][et_pb_column type=&#8221;2_3&#8243; _builder_version=&#8221;4.18.0&#8243; _module_preset=&#8221;default&#8221; global_colors_info=&#8221;{}&#8221;][et_pb_code _builder_version=&#8221;4.25.1&#8243; _module_preset=&#8221;default&#8221; global_colors_info=&#8221;{}&#8221;]<div id=\"tablepress-32de-scroll-wrapper\" class=\"tablepress-scroll-wrapper\">\n\n<table id=\"tablepress-32de\" class=\"tablepress tablepress-id-32de tablepress-responsive\">\n<tbody class=\"row-hover\">\n<tr class=\"row-1\">\n\t<td class=\"column-1\">ErgoTek Modulkette:<\/td><td class=\"column-2\"><b>Bandbreite 320 mm<\/b> (als Doppel-Strang 2x 160 mm)<\/td>\n<\/tr>\n<tr class=\"row-2\">\n\t<td class=\"column-1\">ErgoTek Modulkette:<\/td><td class=\"column-2\"><b>Bandl\u00e4nge<\/b> in Schritten von 27,5 mm <b>bis 15.000 mm erweiterbar<\/b><br \/>\n(gr\u00f6\u00dfere L\u00e4ngen auf Anfrage)<\/td>\n<\/tr>\n<tr class=\"row-3\">\n\t<td class=\"column-1\">Kettenmodule (n)<\/td><td class=\"column-2\">nicht relevant<\/td>\n<\/tr>\n<tr class=\"row-4\">\n\t<td class=\"column-1\">Antriebsvarianten:<\/td><td class=\"column-2\"><b>ohne Antrieb \/ indirekter Antrieb<\/b><\/td>\n<\/tr>\n<tr class=\"row-5\">\n\t<td class=\"column-1\">Zubeh\u00f6r:<\/td><td class=\"column-2\"><b>St\u00e4nder, Bauteilaufnahmen,\u2026<\/b> auf Anfrage<\/td>\n<\/tr>\n<\/tbody>\n<\/table>\n\n<\/div><!-- #tablepress-32de from cache -->[\/et_pb_code][\/et_pb_column][et_pb_column type=&#8221;1_3&#8243; _builder_version=&#8221;4.18.0&#8243; _module_preset=&#8221;default&#8221; global_colors_info=&#8221;{}&#8221;][et_pb_image src=&#8221;https:\/\/ergotek.de\/wp-content\/uploads\/2021\/09\/FlexiTeK_P55_Doppelstrang_Einzel-WT-scaled.jpg&#8221; alt=&#8221;FlixiTek-55 1Sp double lane&#8221; title_text=&#8221;FlexiTeK-55 double lane with 3-fold component holder&#8221; show_in_lightbox=&#8221;on&#8221; use_overlay=&#8221;on&#8221; _builder_version=&#8221;4.18.0&#8243; _module_preset=&#8221;default&#8221; custom_margin=&#8221;||10px||false|false&#8221; box_shadow_style=&#8221;preset1&#8243; global_colors_info=&#8221;{}&#8221;][\/et_pb_image][et_pb_text _builder_version=&#8221;4.18.0&#8243; _module_preset=&#8221;default&#8221; text_orientation=&#8221;center&#8221; global_colors_info=&#8221;{}&#8221;]<\/p>\n<p>Extended version (double lane)<\/p>\n<p>[\/et_pb_text][\/et_pb_column][\/et_pb_row][et_pb_row disabled_on=&#8221;off|off|off&#8221; _builder_version=&#8221;4.18.0&#8243; background_size=&#8221;initial&#8221; background_position=&#8221;top_left&#8221; background_repeat=&#8221;repeat&#8221; locked=&#8221;off&#8221; global_colors_info=&#8221;{}&#8221;][et_pb_column type=&#8221;4_4&#8243; _builder_version=&#8221;4.16&#8243; custom_padding=&#8221;|||&#8221; global_colors_info=&#8221;{}&#8221; custom_padding__hover=&#8221;|||&#8221;][et_pb_text disabled_on=&#8221;off|off|off&#8221; _builder_version=&#8221;4.18.0&#8243; _module_preset=&#8221;default&#8221; global_colors_info=&#8221;{}&#8221;]<\/p>\n<h2 style=\"text-align: left;\">CAD STEP data<\/h2>\n<p><strong>Try our special CAD STEP data download service!<\/strong><\/p>\n<p>With our STEP data, we offer you the opportunity to integrate and test our products in your production application.<br \/>Convince yourself of our variability!<\/p>\n<p>You can access the download via the contact form below.<br \/>Further information can be found under <a href=\"https:\/\/ergotek.de\/en\/download-cad-step-data\">CAD STEP data download<\/a>.<\/p>\n<p>[\/et_pb_text][\/et_pb_column][\/et_pb_row][et_pb_row _builder_version=&#8221;4.18.0&#8243; background_size=&#8221;initial&#8221; background_position=&#8221;top_left&#8221; background_repeat=&#8221;repeat&#8221; custom_padding=&#8221;||0px||false|false&#8221; global_colors_info=&#8221;{}&#8221;][et_pb_column type=&#8221;4_4&#8243; _builder_version=&#8221;4.16&#8243; custom_padding=&#8221;|||&#8221; global_colors_info=&#8221;{}&#8221; custom_padding__hover=&#8221;|||&#8221;][et_pb_text _builder_version=&#8221;4.18.0&#8243; _module_preset=&#8221;default&#8221; custom_margin=&#8221;||||false|false&#8221; locked=&#8221;off&#8221; global_colors_info=&#8221;{}&#8221;]<\/p>\n<h2>Pictures and video<\/h2>\n<p>[\/et_pb_text][\/et_pb_column][\/et_pb_row][et_pb_row column_structure=&#8221;1_2,1_2&#8243; _builder_version=&#8221;4.16&#8243; background_size=&#8221;initial&#8221; background_position=&#8221;top_left&#8221; background_repeat=&#8221;repeat&#8221; global_colors_info=&#8221;{}&#8221;][et_pb_column type=&#8221;1_2&#8243; _builder_version=&#8221;4.16&#8243; custom_padding=&#8221;|||&#8221; global_colors_info=&#8221;{}&#8221; custom_padding__hover=&#8221;|||&#8221;][et_pb_slider show_content_on_mobile=&#8221;off&#8221; show_image_video_mobile=&#8221;on&#8221; arrows_custom_color=&#8221;#0C71C3&#8243; dot_nav_custom_color=&#8221;#2C66AF&#8221; module_class=&#8221;product-slider&#8221; _builder_version=&#8221;4.17.6&#8243; _module_preset=&#8221;default&#8221; header_text_color=&#8221;#2C66AF&#8221; background_color=&#8221;RGBA(0,0,0,0)&#8221; custom_padding=&#8221;15px||50px||false|false&#8221; auto=&#8221;on&#8221; auto_speed=&#8221;4000&#8243; hover_transition_duration=&#8221;200ms&#8221; box_shadow_style=&#8221;preset1&#8243; global_colors_info=&#8221;{}&#8221;][et_pb_slide heading=&#8221;Supply and discharge FlexiTek-55 W=360 mm&#8221; image=&#8221;https:\/\/ergotek.de\/wp-content\/uploads\/Verkettung-Joerg-Wappler-scaled.jpg&#8221; admin_title=&#8221;FlexiTek-55 B=360&#8243; _builder_version=&#8221;4.17.6&#8243; _module_preset=&#8221;default&#8221; global_colors_info=&#8221;{}&#8221; sticky_transition=&#8221;on&#8221;][\/et_pb_slide][et_pb_slide heading=&#8221;Stowable pallet circulation system &#8211; loading \/ processing \/ unloading&#8221; image=&#8221;https:\/\/ergotek.de\/wp-content\/uploads\/2021\/09\/FlexTek-mit-1SP-Index-2.png&#8221; use_bg_overlay=&#8221;off&#8221; _builder_version=&#8221;4.17.6&#8243; _module_preset=&#8221;default&#8221; background_color=&#8221;RGBA(0,0,0,0)&#8221; background_enable_color=&#8221;on&#8221; global_colors_info=&#8221;{}&#8221; sticky_transition=&#8221;on&#8221;][\/et_pb_slide][et_pb_slide heading=&#8221;Bayable component holders&#8221; image=&#8221;https:\/\/ergotek.de\/wp-content\/uploads\/2021\/09\/WT_1-3-5fach-scaled.jpg&#8221; _builder_version=&#8221;4.17.6&#8243; _module_preset=&#8221;default&#8221; background_enable_color=&#8221;off&#8221; global_colors_info=&#8221;{}&#8221; sticky_transition=&#8221;on&#8221;][\/et_pb_slide][et_pb_slide heading=&#8221;Horizontal pallet circulation conveyor&#8221; image=&#8221;https:\/\/ergotek.de\/wp-content\/uploads\/2021\/11\/FlexiTek-horizontal-scaled.jpg&#8221; _builder_version=&#8221;4.17.6&#8243; _module_preset=&#8221;default&#8221; global_colors_info=&#8221;{}&#8221; sticky_transition=&#8221;on&#8221;][\/et_pb_slide][et_pb_slide heading=&#8221;Accumulative pallet circulation conveyor in use&#8221; image=&#8221;https:\/\/ergotek.de\/wp-content\/uploads\/20220722_110838-scaled.jpg&#8221; _builder_version=&#8221;4.17.6&#8243; _module_preset=&#8221;default&#8221; global_colors_info=&#8221;{}&#8221; sticky_transition=&#8221;on&#8221;][\/et_pb_slide][\/et_pb_slider][\/et_pb_column][et_pb_column type=&#8221;1_2&#8243; _builder_version=&#8221;4.16&#8243; custom_padding=&#8221;|||&#8221; global_colors_info=&#8221;{}&#8221; custom_padding__hover=&#8221;|||&#8221;][et_pb_video src=&#8221;https:\/\/ergotek.de\/wp-content\/uploads\/FlexiTek-55-L8500-B300.mp4&#8243; image_src=&#8221;https:\/\/ergotek.de\/wp-content\/uploads\/FlexiTek-55-L8500-B300.jpg&#8221; _builder_version=&#8221;4.20.2&#8243; _module_preset=&#8221;default&#8221; custom_margin=&#8221;||15px||false|false&#8221; box_shadow_style=&#8221;preset1&#8243; box_shadow_spread=&#8221;5px&#8221; global_colors_info=&#8221;{}&#8221;][\/et_pb_video][et_pb_text _builder_version=&#8221;4.20.2&#8243; _module_preset=&#8221;default&#8221; custom_margin=&#8221;||75px||false|false&#8221; custom_margin_tablet=&#8221;||50px||false|false&#8221; custom_margin_phone=&#8221;||50px||false|false&#8221; custom_margin_last_edited=&#8221;on|phone&#8221; custom_padding=&#8221;||||false|false&#8221; locked=&#8221;off&#8221; global_colors_info=&#8221;{}&#8221;]<\/p>\n<p>FlexiTek-55 &#8211; Version L8500 mm, W300 mm<\/p>\n<p>[\/et_pb_text][et_pb_video src=&#8221;https:\/\/ergotek.de\/wp-content\/uploads\/FlexiTek-Verkettung.mp4&#8243; image_src=&#8221;https:\/\/ergotek.de\/wp-content\/uploads\/FlexiTek-Verkettung.jpg&#8221; _builder_version=&#8221;4.20.2&#8243; _module_preset=&#8221;default&#8221; custom_margin=&#8221;||15px||false|false&#8221; box_shadow_style=&#8221;preset1&#8243; box_shadow_spread=&#8221;5px&#8221; global_colors_info=&#8221;{}&#8221;][\/et_pb_video][et_pb_text _builder_version=&#8221;4.20.2&#8243; _module_preset=&#8221;default&#8221; locked=&#8221;off&#8221; global_colors_info=&#8221;{}&#8221;]<\/p>\n<p>FlexiTek interlinking<\/p>\n<p>[\/et_pb_text][\/et_pb_column][\/et_pb_row][\/et_pb_section][et_pb_section fb_built=&#8221;1&#8243; _builder_version=&#8221;4.16&#8243; _module_preset=&#8221;default&#8221; background_color=&#8221;RGBA(0,0,0,0)&#8221; da_disable_devices=&#8221;off|off|off&#8221; global_colors_info=&#8221;{}&#8221; da_is_popup=&#8221;off&#8221; da_exit_intent=&#8221;off&#8221; da_has_close=&#8221;on&#8221; da_alt_close=&#8221;off&#8221; da_dark_close=&#8221;off&#8221; da_not_modal=&#8221;on&#8221; da_is_singular=&#8221;off&#8221; da_with_loader=&#8221;off&#8221; da_has_shadow=&#8221;on&#8221;][et_pb_row module_id=&#8221;Mail&#8221; _builder_version=&#8221;4.16&#8243; _module_preset=&#8221;default&#8221; global_colors_info=&#8221;{}&#8221;][et_pb_column type=&#8221;4_4&#8243; _builder_version=&#8221;4.16&#8243; _module_preset=&#8221;default&#8221; global_colors_info=&#8221;{}&#8221;][et_pb_text admin_label=&#8221;Kontakt und CAD Daten-Download&#8221; _builder_version=&#8221;4.16&#8243; text_font=&#8221;Montserrat||||||||&#8221; text_text_color=&#8221;#747d88&#8243; text_line_height=&#8221;1.9em&#8221; header_font=&#8221;||||||||&#8221; header_2_font=&#8221;Montserrat|700||on|||||&#8221; header_2_font_size=&#8221;42px&#8221; header_2_line_height=&#8221;1.3em&#8221; background_size=&#8221;initial&#8221; background_position=&#8221;top_left&#8221; background_repeat=&#8221;repeat&#8221; text_orientation=&#8221;center&#8221; max_width=&#8221;700px&#8221; module_alignment=&#8221;center&#8221; animation_style=&#8221;slide&#8221; animation_direction=&#8221;bottom&#8221; animation_intensity_slide=&#8221;4%&#8221; global_colors_info=&#8221;{}&#8221;]<\/p>\n<h2>Contact and CAD data download<\/h2>\n<p>[\/et_pb_text][wpforms_selector form_id=&#8221;986&#8243; admin_label=&#8221;WPforms Kontaktformular&#8221; _builder_version=&#8221;4.13.0&#8243; _module_preset=&#8221;default&#8221; global_colors_info=&#8221;{}&#8221;][\/wpforms_selector][\/et_pb_column][\/et_pb_row][\/et_pb_section]<\/p>\n","protected":false},"excerpt":{"rendered":"<p>Modular belt conveyorFlexiTek-55Power and Free! As an accumulating pallet circulation system, it adapts to different cycle times when interlinked. By simply connecting the structural component holder, the structural component holder can be flexibly adapted to the component dimensions. The system can be easily adapted to the required task using stoppers, separators and indexing.FlexiTek-55 accumulating pallet [&hellip;]<\/p>\n","protected":false},"author":1,"featured_media":0,"parent":244678,"menu_order":0,"comment_status":"closed","ping_status":"closed","template":"","meta":{"_et_pb_use_builder":"on","_et_pb_old_content":"","_et_gb_content_width":"","footnotes":""},"class_list":["post-244767","page","type-page","status-publish","hentry"],"_links":{"self":[{"href":"https:\/\/ergotek.de\/en\/wp-json\/wp\/v2\/pages\/244767","targetHints":{"allow":["GET"]}}],"collection":[{"href":"https:\/\/ergotek.de\/en\/wp-json\/wp\/v2\/pages"}],"about":[{"href":"https:\/\/ergotek.de\/en\/wp-json\/wp\/v2\/types\/page"}],"author":[{"embeddable":true,"href":"https:\/\/ergotek.de\/en\/wp-json\/wp\/v2\/users\/1"}],"replies":[{"embeddable":true,"href":"https:\/\/ergotek.de\/en\/wp-json\/wp\/v2\/comments?post=244767"}],"version-history":[{"count":5,"href":"https:\/\/ergotek.de\/en\/wp-json\/wp\/v2\/pages\/244767\/revisions"}],"predecessor-version":[{"id":247857,"href":"https:\/\/ergotek.de\/en\/wp-json\/wp\/v2\/pages\/244767\/revisions\/247857"}],"up":[{"embeddable":true,"href":"https:\/\/ergotek.de\/en\/wp-json\/wp\/v2\/pages\/244678"}],"wp:attachment":[{"href":"https:\/\/ergotek.de\/en\/wp-json\/wp\/v2\/media?parent=244767"}],"curies":[{"name":"wp","href":"https:\/\/api.w.org\/{rel}","templated":true}]}}