{"id":244798,"date":"2021-09-10T07:54:46","date_gmt":"2021-09-10T05:54:46","guid":{"rendered":"https:\/\/ergotek.de\/module-conveyor\/flexitek-80"},"modified":"2024-12-16T16:17:47","modified_gmt":"2024-12-16T15:17:47","slug":"flexitek-80","status":"publish","type":"page","link":"https:\/\/ergotek.de\/en\/module-conveyor\/flexitek-80","title":{"rendered":"FlexiTek-80"},"content":{"rendered":"<p>[et_pb_section fb_built=&#8221;1&#8243; admin_label=&#8221;Hero&#8221; _builder_version=&#8221;4.16&#8243; use_background_color_gradient=&#8221;on&#8221; background_color_gradient_stops=&#8221;rgba(0,0,0,0.31) 0%|rgba(0,0,0,0.31) 100%&#8221; background_color_gradient_overlays_image=&#8221;on&#8221; background_color_gradient_start=&#8221;rgba(0,0,0,0.31)&#8221; background_color_gradient_end=&#8221;rgba(0,0,0,0.31)&#8221; background_image=&#8221;https:\/\/ergotek.de\/wp-content\/uploads\/2021\/11\/FlexiTek-80-scaled.jpg&#8221; min_height=&#8221;770px&#8221; min_height_tablet=&#8221;770px&#8221; min_height_phone=&#8221;770px&#8221; min_height_last_edited=&#8221;on|phone&#8221; custom_padding=&#8221;110px|0px|110px|0px|false|false&#8221; bottom_divider_style=&#8221;ramp2&#8243; bottom_divider_color=&#8221;#0C71C3&#8243; animation_style=&#8221;zoom&#8221; animation_intensity_zoom=&#8221;4%&#8221; da_disable_devices=&#8221;off|off|off&#8221; global_colors_info=&#8221;{}&#8221; da_is_popup=&#8221;off&#8221; da_exit_intent=&#8221;off&#8221; da_has_close=&#8221;on&#8221; da_alt_close=&#8221;off&#8221; da_dark_close=&#8221;off&#8221; da_not_modal=&#8221;on&#8221; da_is_singular=&#8221;off&#8221; da_with_loader=&#8221;off&#8221; da_has_shadow=&#8221;on&#8221;][et_pb_row _builder_version=&#8221;4.16&#8243; background_size=&#8221;initial&#8221; background_position=&#8221;top_left&#8221; background_repeat=&#8221;repeat&#8221; custom_padding=&#8221;|||&#8221; animation_style=&#8221;slide&#8221; animation_direction=&#8221;top&#8221; animation_intensity_slide=&#8221;3%&#8221; global_colors_info=&#8221;{}&#8221;][et_pb_column type=&#8221;4_4&#8243; _builder_version=&#8221;4.16&#8243; custom_padding=&#8221;|||&#8221; global_colors_info=&#8221;{}&#8221; custom_padding__hover=&#8221;|||&#8221;][et_pb_text _builder_version=&#8221;4.16&#8243; text_font=&#8221;Montserrat|500||on|||||&#8221; text_text_color=&#8221;#FFFFFF&#8221; text_letter_spacing=&#8221;3px&#8221; header_2_text_color=&#8221;#FFFFFF&#8221; header_2_font_size=&#8221;24px&#8221; background_size=&#8221;initial&#8221; background_position=&#8221;top_left&#8221; background_repeat=&#8221;repeat&#8221; animation_style=&#8221;slide&#8221; animation_direction=&#8221;bottom&#8221; locked=&#8221;off&#8221; global_colors_info=&#8221;{}&#8221;]<\/p>\n<h2>Modular belt conveyor<\/h2>\n<p>[\/et_pb_text][et_pb_text _builder_version=&#8221;4.17.3&#8243; text_font=&#8221;||||||||&#8221; header_font=&#8221;|700||on|||||&#8221; header_text_color=&#8221;#ffffff&#8221; header_font_size=&#8221;50px&#8221; header_line_height=&#8221;1.3em&#8221; header_2_font=&#8221;||||||||&#8221; background_size=&#8221;initial&#8221; background_position=&#8221;top_left&#8221; background_repeat=&#8221;repeat&#8221; animation_style=&#8221;fade&#8221; header_font_size_tablet=&#8221;50px&#8221; header_font_size_phone=&#8221;35px&#8221; header_font_size_last_edited=&#8221;on|phone&#8221; locked=&#8221;off&#8221; global_colors_info=&#8221;{}&#8221;]<\/p>\n<h1>NEW! FLEXITEK-80<\/h1>\n<p>[\/et_pb_text][et_pb_text _builder_version=&#8221;4.16&#8243; text_font=&#8221;||||||||&#8221; text_text_color=&#8221;#ffffff&#8221; text_font_size=&#8221;24px&#8221; text_line_height=&#8221;1.5em&#8221; background_size=&#8221;initial&#8221; background_position=&#8221;top_left&#8221; background_repeat=&#8221;repeat&#8221; module_alignment=&#8221;left&#8221; animation_style=&#8221;flip&#8221; animation_direction=&#8221;top&#8221; animation_intensity_flip=&#8221;20%&#8221; locked=&#8221;off&#8221; global_colors_info=&#8221;{}&#8221;]<\/p>\n<p>Flexible, even for higher loads!<\/p>\n<p>[\/et_pb_text][\/et_pb_column][\/et_pb_row][\/et_pb_section][et_pb_section fb_built=&#8221;1&#8243; admin_label=&#8221;Text and Image&#8221; _builder_version=&#8221;4.16&#8243; background_color=&#8221;#f7f7f7&#8243; custom_padding=&#8221;110px|0px|110px|0px&#8221; da_disable_devices=&#8221;off|off|off&#8221; global_colors_info=&#8221;{}&#8221; da_is_popup=&#8221;off&#8221; da_exit_intent=&#8221;off&#8221; da_has_close=&#8221;on&#8221; da_alt_close=&#8221;off&#8221; da_dark_close=&#8221;off&#8221; da_not_modal=&#8221;on&#8221; da_is_singular=&#8221;off&#8221; da_with_loader=&#8221;off&#8221; da_has_shadow=&#8221;on&#8221;][et_pb_row disabled_on=&#8221;off|off|off&#8221; _builder_version=&#8221;4.18.0&#8243; background_size=&#8221;initial&#8221; background_position=&#8221;top_left&#8221; background_repeat=&#8221;repeat&#8221; locked=&#8221;off&#8221; global_colors_info=&#8221;{}&#8221;][et_pb_column type=&#8221;4_4&#8243; _builder_version=&#8221;4.16&#8243; custom_padding=&#8221;|||&#8221; global_colors_info=&#8221;{}&#8221; custom_padding__hover=&#8221;|||&#8221;][et_pb_text _builder_version=&#8221;4.27.4&#8243; _module_preset=&#8221;default&#8221; hover_enabled=&#8221;0&#8243; global_colors_info=&#8221;{}&#8221; sticky_enabled=&#8221;0&#8243;]<\/p>\n<h2>FlexiTek-80 accumulating pallet circulation system for high loads<\/h2>\n<p>&nbsp;<\/p>\n<p>FlexiTek-80 &#8211; developed as an accumulating pallet circulation system, optimized for variable use and short changeover times with high loads.<\/p>\n<p>Like the FlexiTek-55, the FlexiTek-80 adapts easily to the different cycle times for infeed and outfeed in the interlinking of your production systems. The workpiece carriers, which are designed for high loads, can be connected to allow different component dimensions flexibly and optimally.<\/p>\n<p>Using stoppers, separators and indexing, FlexiTek-80 can be adapted to the required task within a very short time.<br \/>The dimensions of the ErgoTek plastic modular belt can also be individually adapted to your production requirements for our FlexiTek pallet circulation systems.<\/p>\n<p>The <a href=\"https:\/\/ergotek.de\/ideen-aus-kunststoff\/kunststoff-modulkette\">ErgoTek plastic modular belt<\/a> and all drive components used are:<\/p>\n<ul>\n<li>Maintenance-free \/ free of lubricants<\/li>\n<li>Intrinsically safe \/ stable<\/li>\n<li>reversible \/ without chain bag<\/li>\n<li>Flexible and robust, in all installation positions<\/li>\n<\/ul>\n<p>Do you have special requirements in the food or pharmaceutical industry or need solutions for ESD-compliant transportation to protect your components from electrostatic influences?<\/p>\n<p>We have solutions for your requirements!<\/p>\n<p>[\/et_pb_text][\/et_pb_column][\/et_pb_row][et_pb_row column_structure=&#8221;2_3,1_3&#8243; disabled_on=&#8221;off|off|off&#8221; _builder_version=&#8221;4.18.0&#8243; _module_preset=&#8221;default&#8221; custom_padding=&#8221;||0px||false|false&#8221; locked=&#8221;off&#8221; global_colors_info=&#8221;{}&#8221;][et_pb_column type=&#8221;2_3&#8243; _builder_version=&#8221;4.18.0&#8243; _module_preset=&#8221;default&#8221; global_colors_info=&#8221;{}&#8221;][et_pb_text _builder_version=&#8221;4.18.0&#8243; _module_preset=&#8221;default&#8221; global_colors_info=&#8221;{}&#8221;]<\/p>\n<h2>Technical data (basic version)<\/h2>\n<p>[\/et_pb_text][\/et_pb_column][et_pb_column type=&#8221;1_3&#8243; _builder_version=&#8221;4.18.0&#8243; _module_preset=&#8221;default&#8221; global_colors_info=&#8221;{}&#8221;][\/et_pb_column][\/et_pb_row][et_pb_row column_structure=&#8221;2_3,1_3&#8243; disabled_on=&#8221;off|off|off&#8221; _builder_version=&#8221;4.18.0&#8243; _module_preset=&#8221;default&#8221; custom_padding=&#8221;0px||||false|false&#8221; locked=&#8221;off&#8221; global_colors_info=&#8221;{}&#8221;][et_pb_column type=&#8221;2_3&#8243; _builder_version=&#8221;4.18.0&#8243; _module_preset=&#8221;default&#8221; global_colors_info=&#8221;{}&#8221;][et_pb_code _builder_version=&#8221;4.25.1&#8243; _module_preset=&#8221;default&#8221; global_colors_info=&#8221;{}&#8221;]<div id=\"tablepress-41de-scroll-wrapper\" class=\"tablepress-scroll-wrapper\">\n\n<table id=\"tablepress-41de\" class=\"tablepress tablepress-id-41de tablepress-responsive\">\n<tbody class=\"row-hover\">\n<tr class=\"row-1\">\n\t<td class=\"column-1\">ErgoTek Modulkette:<\/td><td class=\"column-2\">Bandbreite ab 180 mm (Einzel-Strang)<\/td>\n<\/tr>\n<tr class=\"row-2\">\n\t<td class=\"column-1\">ErgoTek Modulkette:<\/td><td class=\"column-2\">Bandl\u00e4nge ab 800 mm<\/td>\n<\/tr>\n<tr class=\"row-3\">\n\t<td class=\"column-1\">Gesamtbelastung:<\/td><td class=\"column-2\">ca. 200 kg (bei Kettenbreite 180 mm)<\/td>\n<\/tr>\n<tr class=\"row-4\">\n\t<td class=\"column-1\">WT-Wechselzeiten:<\/td><td class=\"column-2\"><b>< 1,2 s<\/b> (bei Einzel-WT)<\/td>\n<\/tr>\n<tr class=\"row-5\">\n\t<td class=\"column-1\">Antriebsvariante:<\/td><td class=\"column-2\">Direktantrieb<\/td>\n<\/tr>\n<tr class=\"row-6\">\n\t<td class=\"column-1\">Kettenmodul-Raster:<\/td><td class=\"column-2\">40 mm (bzw. 80 mm)<\/td>\n<\/tr>\n<tr class=\"row-7\">\n\t<td class=\"column-1\">Werkzeugaufnahme:<\/td><td class=\"column-2\">ErgoTek Standard-Werkst\u00fccktr\u00e4ger-Anschluss<br \/>\n<b>und Umgriffe f\u00fcr kundenseitige Werkst\u00fccktr\u00e4ger<\/b><\/td>\n<\/tr>\n<tr class=\"row-8\">\n\t<td class=\"column-1\">Standard-Zubeh\u00f6r:<\/td><td class=\"column-2\"><b>Stopper, Vereinzelungen, Indexierungen, als Standardkomponenten<\/b><\/td>\n<\/tr>\n<\/tbody>\n<\/table>\n\n<\/div><!-- #tablepress-41de from cache -->[\/et_pb_code][\/et_pb_column][et_pb_column type=&#8221;1_3&#8243; _builder_version=&#8221;4.18.0&#8243; _module_preset=&#8221;default&#8221; global_colors_info=&#8221;{}&#8221;][et_pb_image src=&#8221;https:\/\/ergotek.de\/wp-content\/uploads\/mbf-p80-flexi-komplett-1sp-2.jpg&#8221; alt=&#8221;Accumulating pallet circulation system FlexiTek-55 1-lane&#8221; title_text=&#8221;mbf-p80-flexi-complete-1-lane&#8221; show_in_lightbox=&#8221;on&#8221; use_overlay=&#8221;on&#8221; _builder_version=&#8221;4.18.0&#8243; _module_preset=&#8221;default&#8221; custom_margin=&#8221;||10px||false|false&#8221; box_shadow_style=&#8221;preset1&#8243; global_colors_info=&#8221;{}&#8221;][\/et_pb_image][et_pb_text _builder_version=&#8221;4.18.0&#8243; _module_preset=&#8221;default&#8221; text_orientation=&#8221;center&#8221; global_colors_info=&#8221;{}&#8221;]<\/p>\n<p>Basic version (1-lane)<\/p>\n<p>[\/et_pb_text][\/et_pb_column][\/et_pb_row][et_pb_row column_structure=&#8221;2_3,1_3&#8243; disabled_on=&#8221;off|off|off&#8221; _builder_version=&#8221;4.18.0&#8243; _module_preset=&#8221;default&#8221; custom_padding=&#8221;||0px||false|false&#8221; locked=&#8221;off&#8221; global_colors_info=&#8221;{}&#8221;][et_pb_column type=&#8221;2_3&#8243; _builder_version=&#8221;4.18.0&#8243; _module_preset=&#8221;default&#8221; global_colors_info=&#8221;{}&#8221;][et_pb_text _builder_version=&#8221;4.18.0&#8243; _module_preset=&#8221;default&#8221; global_colors_info=&#8221;{}&#8221;]<\/p>\n<h2>Modular expansion options<\/h2>\n<p>[\/et_pb_text][\/et_pb_column][et_pb_column type=&#8221;1_3&#8243; _builder_version=&#8221;4.18.0&#8243; _module_preset=&#8221;default&#8221; global_colors_info=&#8221;{}&#8221;][\/et_pb_column][\/et_pb_row][et_pb_row column_structure=&#8221;2_3,1_3&#8243; disabled_on=&#8221;off|off|off&#8221; _builder_version=&#8221;4.18.0&#8243; _module_preset=&#8221;default&#8221; custom_padding=&#8221;0px||||false|false&#8221; locked=&#8221;off&#8221; global_colors_info=&#8221;{}&#8221;][et_pb_column type=&#8221;2_3&#8243; _builder_version=&#8221;4.18.0&#8243; _module_preset=&#8221;default&#8221; global_colors_info=&#8221;{}&#8221;][et_pb_code _builder_version=&#8221;4.25.1&#8243; _module_preset=&#8221;default&#8221; global_colors_info=&#8221;{}&#8221;]<div id=\"tablepress-42de-scroll-wrapper\" class=\"tablepress-scroll-wrapper\">\n\n<table id=\"tablepress-42de\" class=\"tablepress tablepress-id-42de tablepress-responsive\">\n<tbody class=\"row-hover\">\n<tr class=\"row-1\">\n\t<td class=\"column-1\">ErgoTek Modulkette:<\/td><td class=\"column-2\"><b>Bandbreite<\/b> in Schritten von 120 mm <b>bis max. 540 mm erweiterbar<\/b><br \/>\n- m\u00f6gliche Spurbreiten: 180 \/ 300 \/ 420 \/ 540 mm<\/td>\n<\/tr>\n<tr class=\"row-2\">\n\t<td class=\"column-1\">ErgoTek Modulkette:<\/td><td class=\"column-2\"><b>Bandl\u00e4nge<\/b> in Schritten von 40 mm <b>bis 25.000 mm erweiterbar<\/b><br \/>\n(gr\u00f6\u00dfere L\u00e4ngen auf Anfrage)<\/td>\n<\/tr>\n<tr class=\"row-3\">\n\t<td class=\"column-1\">Kettenmodule (n)<\/td><td class=\"column-2\">nicht relevant<\/td>\n<\/tr>\n<tr class=\"row-4\">\n\t<td class=\"column-1\">Antriebsvarianten:<\/td><td class=\"column-2\"><b>ohne Antrieb \/ indirekter Antrieb<\/b><\/td>\n<\/tr>\n<tr class=\"row-5\">\n\t<td class=\"column-1\">Zubeh\u00f6r:<\/td><td class=\"column-2\"><b>St\u00e4nder, Bauteilaufnahmen,\u2026<\/b> auf Anfrage<\/td>\n<\/tr>\n<\/tbody>\n<\/table>\n\n<\/div><!-- #tablepress-42de from cache -->[\/et_pb_code][et_pb_code _builder_version=&#8221;4.18.0&#8243; _module_preset=&#8221;default&#8221; global_colors_info=&#8221;{}&#8221;][\/et_pb_code][\/et_pb_column][et_pb_column type=&#8221;1_3&#8243; _builder_version=&#8221;4.18.0&#8243; _module_preset=&#8221;default&#8221; global_colors_info=&#8221;{}&#8221;][et_pb_image src=&#8221;https:\/\/ergotek.de\/wp-content\/uploads\/mbf-p80-flexi-komplett-2sp-2.jpg&#8221; alt=&#8221;Stowable pallet circulation system FlexiTek-55 2-lane&#8221; title_text=&#8221;mbf-p80-flexi-complete-2-lane&#8221; show_in_lightbox=&#8221;on&#8221; use_overlay=&#8221;on&#8221; _builder_version=&#8221;4.18.0&#8243; _module_preset=&#8221;default&#8221; custom_margin=&#8221;||10px||false|false&#8221; box_shadow_style=&#8221;preset1&#8243; global_colors_info=&#8221;{}&#8221;][\/et_pb_image][et_pb_text _builder_version=&#8221;4.18.0&#8243; _module_preset=&#8221;default&#8221; text_orientation=&#8221;center&#8221; global_colors_info=&#8221;{}&#8221;]<\/p>\n<p>Extended version (example 2-lane)<\/p>\n<p>[\/et_pb_text][\/et_pb_column][\/et_pb_row][et_pb_row disabled_on=&#8221;off|off|off&#8221; _builder_version=&#8221;4.18.0&#8243; background_size=&#8221;initial&#8221; background_position=&#8221;top_left&#8221; background_repeat=&#8221;repeat&#8221; locked=&#8221;off&#8221; global_colors_info=&#8221;{}&#8221;][et_pb_column type=&#8221;4_4&#8243; _builder_version=&#8221;4.16&#8243; custom_padding=&#8221;|||&#8221; global_colors_info=&#8221;{}&#8221; custom_padding__hover=&#8221;|||&#8221;][et_pb_text disabled_on=&#8221;off|off|off&#8221; _builder_version=&#8221;4.18.0&#8243; _module_preset=&#8221;default&#8221; global_colors_info=&#8221;{}&#8221;]<\/p>\n<h2 style=\"text-align: left;\">CAD STEP data<\/h2>\n<p><strong>Try our special CAD STEP data download service!<\/strong><\/p>\n<p>With our STEP data, we offer you the opportunity to integrate and test our products in your production application.<br \/>Convince yourself of our variability!<\/p>\n<p>You can access the download via the contact form below.<br \/>Further information can be found under <a href=\"https:\/\/ergotek.de\/en\/download-cad-step-data\">CAD STEP data download<\/a>.<\/p>\n<p>[\/et_pb_text][\/et_pb_column][\/et_pb_row][et_pb_row _builder_version=&#8221;4.18.0&#8243; background_size=&#8221;initial&#8221; background_position=&#8221;top_left&#8221; background_repeat=&#8221;repeat&#8221; custom_padding=&#8221;||0px||false|false&#8221; global_colors_info=&#8221;{}&#8221;][et_pb_column type=&#8221;4_4&#8243; _builder_version=&#8221;4.16&#8243; custom_padding=&#8221;|||&#8221; global_colors_info=&#8221;{}&#8221; custom_padding__hover=&#8221;|||&#8221;][et_pb_text _builder_version=&#8221;4.18.0&#8243; _module_preset=&#8221;default&#8221; custom_margin=&#8221;||||false|false&#8221; locked=&#8221;off&#8221; global_colors_info=&#8221;{}&#8221;]<\/p>\n<h2>Pictures and video<\/h2>\n<p>[\/et_pb_text][\/et_pb_column][\/et_pb_row][et_pb_row column_structure=&#8221;1_2,1_2&#8243; _builder_version=&#8221;4.16&#8243; background_size=&#8221;initial&#8221; background_position=&#8221;top_left&#8221; background_repeat=&#8221;repeat&#8221; global_colors_info=&#8221;{}&#8221;][et_pb_column type=&#8221;1_2&#8243; _builder_version=&#8221;4.16&#8243; custom_padding=&#8221;|||&#8221; global_colors_info=&#8221;{}&#8221; custom_padding__hover=&#8221;|||&#8221;][et_pb_slider show_content_on_mobile=&#8221;off&#8221; show_image_video_mobile=&#8221;on&#8221; arrows_custom_color=&#8221;#0C71C3&#8243; dot_nav_custom_color=&#8221;#2C66AF&#8221; module_class=&#8221;product-slider&#8221; _builder_version=&#8221;4.16&#8243; _module_preset=&#8221;default&#8221; header_text_color=&#8221;#2C66AF&#8221; background_color=&#8221;RGBA(0,0,0,0)&#8221; custom_padding=&#8221;15px||50px||false|false&#8221; auto=&#8221;on&#8221; auto_speed=&#8221;4000&#8243; box_shadow_style=&#8221;preset1&#8243; global_colors_info=&#8221;{}&#8221;][et_pb_slide heading=&#8221;Heavy-duty system structure&#8221; image=&#8221;https:\/\/ergotek.de\/wp-content\/uploads\/2021\/11\/Ergotek_FLEXI-P80_Aufbau.jpg&#8221; use_bg_overlay=&#8221;off&#8221; image_last_edited=&#8221;off|desktop&#8221; _builder_version=&#8221;4.16&#8243; _module_preset=&#8221;default&#8221; background_color=&#8221;RGBA(0,0,0,0)&#8221; background_enable_color=&#8221;on&#8221; border_radii_image_last_edited=&#8221;off|desktop&#8221; global_colors_info=&#8221;{}&#8221; sticky_transition=&#8221;on&#8221;][\/et_pb_slide][et_pb_slide heading=&#8221;Accumulating pallet circulation system %22heavy duty%22&#8243; image=&#8221;https:\/\/ergotek.de\/wp-content\/uploads\/2021\/11\/20211112_133728-scaled.jpg&#8221; _builder_version=&#8221;4.16&#8243; _module_preset=&#8221;default&#8221; background_enable_color=&#8221;off&#8221; global_colors_info=&#8221;{}&#8221; sticky_transition=&#8221;on&#8221;][\/et_pb_slide][\/et_pb_slider][\/et_pb_column][et_pb_column type=&#8221;1_2&#8243; _builder_version=&#8221;4.16&#8243; custom_padding=&#8221;|||&#8221; global_colors_info=&#8221;{}&#8221; custom_padding__hover=&#8221;|||&#8221;][et_pb_text _builder_version=&#8221;4.16&#8243; _module_preset=&#8221;default&#8221; global_colors_info=&#8221;{}&#8221;]<\/p>\n<p><strong>Here we develop and test for you!<\/strong><\/p>\n<p>[\/et_pb_text][et_pb_video src=&#8221;https:\/\/ergotek.de\/wp-content\/uploads\/2021\/11\/WhatsApp-Video-2021-09-23-at-09.52.00.mp4&#8243; _builder_version=&#8221;4.16&#8243; _module_preset=&#8221;default&#8221; filter_blur=&#8221;5px&#8221; box_shadow_style=&#8221;preset1&#8243; box_shadow_spread=&#8221;5px&#8221; global_colors_info=&#8221;{}&#8221;][\/et_pb_video][\/et_pb_column][\/et_pb_row][\/et_pb_section][et_pb_section fb_built=&#8221;1&#8243; admin_label=&#8221;Anfrage + CAD-Daten&#8221; module_id=&#8221;Mail&#8221; _builder_version=&#8221;4.14.2&#8243; _module_preset=&#8221;default&#8221; background_color=&#8221;RGBA(0,0,0,0)&#8221; da_disable_devices=&#8221;off|off|off&#8221; global_module=&#8221;1107&#8243; saved_tabs=&#8221;all&#8221; collapsed=&#8221;off&#8221; global_colors_info=&#8221;{}&#8221; da_is_popup=&#8221;off&#8221; da_exit_intent=&#8221;off&#8221; da_has_close=&#8221;on&#8221; da_alt_close=&#8221;off&#8221; da_dark_close=&#8221;off&#8221; da_not_modal=&#8221;on&#8221; da_is_singular=&#8221;off&#8221; da_with_loader=&#8221;off&#8221; da_has_shadow=&#8221;on&#8221;][et_pb_row _builder_version=&#8221;4.16&#8243; _module_preset=&#8221;default&#8221; global_colors_info=&#8221;{}&#8221;][et_pb_column type=&#8221;4_4&#8243; _builder_version=&#8221;4.16&#8243; _module_preset=&#8221;default&#8221; global_colors_info=&#8221;{}&#8221;][et_pb_text admin_label=&#8221;KONTAKT UND CAD DATEN-DOWNLOAD&#8221; _builder_version=&#8221;4.16&#8243; text_font=&#8221;Montserrat||||||||&#8221; text_text_color=&#8221;#747d88&#8243; text_line_height=&#8221;1.9em&#8221; header_font=&#8221;||||||||&#8221; header_2_font=&#8221;Montserrat|700||on|||||&#8221; header_2_font_size=&#8221;42px&#8221; header_2_line_height=&#8221;1.3em&#8221; background_size=&#8221;initial&#8221; background_position=&#8221;top_left&#8221; background_repeat=&#8221;repeat&#8221; text_orientation=&#8221;center&#8221; module_alignment=&#8221;center&#8221; animation_style=&#8221;slide&#8221; animation_direction=&#8221;bottom&#8221; animation_intensity_slide=&#8221;4%&#8221; global_colors_info=&#8221;{}&#8221;]<\/p>\n<h2>CONTACT AND CAD DATA DOWNLOAD<\/h2>\n<p>[\/et_pb_text][wpforms_selector form_id=&#8221;986&#8243; admin_label=&#8221;WPforms Kontaktformular&#8221; _builder_version=&#8221;4.14.2&#8243; _module_preset=&#8221;default&#8221; global_colors_info=&#8221;{}&#8221;][\/wpforms_selector][\/et_pb_column][\/et_pb_row][\/et_pb_section]<\/p>\n","protected":false},"excerpt":{"rendered":"<p>Modular belt conveyorNEW! FLEXITEK-80Flexible, even for higher loads!FlexiTek-80 accumulating pallet circulation system for high loads &nbsp; FlexiTek-80 &#8211; developed as an accumulating pallet circulation system, optimized for variable use and short changeover times with high loads. Like the FlexiTek-55, the FlexiTek-80 adapts easily to the different cycle times for infeed and outfeed in the interlinking [&hellip;]<\/p>\n","protected":false},"author":1,"featured_media":0,"parent":244678,"menu_order":0,"comment_status":"closed","ping_status":"closed","template":"","meta":{"_et_pb_use_builder":"on","_et_pb_old_content":"","_et_gb_content_width":"","footnotes":""},"class_list":["post-244798","page","type-page","status-publish","hentry"],"_links":{"self":[{"href":"https:\/\/ergotek.de\/en\/wp-json\/wp\/v2\/pages\/244798","targetHints":{"allow":["GET"]}}],"collection":[{"href":"https:\/\/ergotek.de\/en\/wp-json\/wp\/v2\/pages"}],"about":[{"href":"https:\/\/ergotek.de\/en\/wp-json\/wp\/v2\/types\/page"}],"author":[{"embeddable":true,"href":"https:\/\/ergotek.de\/en\/wp-json\/wp\/v2\/users\/1"}],"replies":[{"embeddable":true,"href":"https:\/\/ergotek.de\/en\/wp-json\/wp\/v2\/comments?post=244798"}],"version-history":[{"count":4,"href":"https:\/\/ergotek.de\/en\/wp-json\/wp\/v2\/pages\/244798\/revisions"}],"predecessor-version":[{"id":247862,"href":"https:\/\/ergotek.de\/en\/wp-json\/wp\/v2\/pages\/244798\/revisions\/247862"}],"up":[{"embeddable":true,"href":"https:\/\/ergotek.de\/en\/wp-json\/wp\/v2\/pages\/244678"}],"wp:attachment":[{"href":"https:\/\/ergotek.de\/en\/wp-json\/wp\/v2\/media?parent=244798"}],"curies":[{"name":"wp","href":"https:\/\/api.w.org\/{rel}","templated":true}]}}