{"id":244804,"date":"2021-09-10T07:52:38","date_gmt":"2021-09-10T05:52:38","guid":{"rendered":"https:\/\/ergotek.de\/module-conveyor\/module-conveyor-mbf-p-80-120"},"modified":"2024-12-16T16:18:23","modified_gmt":"2024-12-16T15:18:23","slug":"module-conveyor-mbf-p-80-120","status":"publish","type":"page","link":"https:\/\/ergotek.de\/en\/module-conveyor\/module-conveyor-mbf-p-80-120","title":{"rendered":"Module conveyor MBF-P 80\/120"},"content":{"rendered":"<p>[et_pb_section fb_built=&#8221;1&#8243; admin_label=&#8221;Hero&#8221; _builder_version=&#8221;4.16&#8243; use_background_color_gradient=&#8221;on&#8221; background_color_gradient_stops=&#8221;rgba(0,0,0,0.31) 0%|rgba(0,0,0,0.31) 100%&#8221; background_color_gradient_overlays_image=&#8221;on&#8221; background_color_gradient_start=&#8221;rgba(0,0,0,0.31)&#8221; background_color_gradient_end=&#8221;rgba(0,0,0,0.31)&#8221; background_image=&#8221;https:\/\/ergotek.de\/wp-content\/uploads\/2021\/09\/IMG_1825-scaled.jpg&#8221; min_height=&#8221;770px&#8221; min_height_tablet=&#8221;770px&#8221; min_height_phone=&#8221;770px&#8221; min_height_last_edited=&#8221;on|phone&#8221; custom_padding=&#8221;110px|0px|110px|0px|false|false&#8221; bottom_divider_style=&#8221;ramp2&#8243; bottom_divider_color=&#8221;#0C71C3&#8243; animation_style=&#8221;zoom&#8221; animation_intensity_zoom=&#8221;4%&#8221; da_disable_devices=&#8221;off|off|off&#8221; global_colors_info=&#8221;{}&#8221; da_is_popup=&#8221;off&#8221; da_exit_intent=&#8221;off&#8221; da_has_close=&#8221;on&#8221; da_alt_close=&#8221;off&#8221; da_dark_close=&#8221;off&#8221; da_not_modal=&#8221;on&#8221; da_is_singular=&#8221;off&#8221; da_with_loader=&#8221;off&#8221; da_has_shadow=&#8221;on&#8221;][et_pb_row _builder_version=&#8221;4.16&#8243; background_size=&#8221;initial&#8221; background_position=&#8221;top_left&#8221; background_repeat=&#8221;repeat&#8221; custom_padding=&#8221;|||&#8221; animation_style=&#8221;slide&#8221; animation_direction=&#8221;top&#8221; animation_intensity_slide=&#8221;3%&#8221; global_colors_info=&#8221;{}&#8221;][et_pb_column type=&#8221;4_4&#8243; _builder_version=&#8221;4.16&#8243; custom_padding=&#8221;|||&#8221; global_colors_info=&#8221;{}&#8221; custom_padding__hover=&#8221;|||&#8221;][et_pb_text _builder_version=&#8221;4.16&#8243; text_font=&#8221;Montserrat|500||on|||||&#8221; text_text_color=&#8221;#FFFFFF&#8221; text_letter_spacing=&#8221;3px&#8221; header_2_text_color=&#8221;#FFFFFF&#8221; header_2_font_size=&#8221;24px&#8221; background_size=&#8221;initial&#8221; background_position=&#8221;top_left&#8221; background_repeat=&#8221;repeat&#8221; animation_style=&#8221;slide&#8221; animation_direction=&#8221;bottom&#8221; locked=&#8221;off&#8221; global_colors_info=&#8221;{}&#8221;]<\/p>\n<h2>Modular belt conveyor<\/h2>\n<p>[\/et_pb_text][et_pb_text _builder_version=&#8221;4.17.3&#8243; text_font=&#8221;||||||||&#8221; header_font=&#8221;|700||on|||||&#8221; header_text_color=&#8221;#ffffff&#8221; header_font_size=&#8221;50px&#8221; header_line_height=&#8221;1.3em&#8221; header_2_font=&#8221;||||||||&#8221; background_size=&#8221;initial&#8221; background_position=&#8221;top_left&#8221; background_repeat=&#8221;repeat&#8221; animation_style=&#8221;fade&#8221; header_font_size_tablet=&#8221;50px&#8221; header_font_size_phone=&#8221;35px&#8221; header_font_size_last_edited=&#8221;on|phone&#8221; locked=&#8221;off&#8221; global_colors_info=&#8221;{}&#8221;]<\/p>\n<h1>Module conveyor MBF-P 80\/120<\/h1>\n<p>[\/et_pb_text][et_pb_text _builder_version=&#8221;4.16&#8243; text_font=&#8221;||||||||&#8221; text_text_color=&#8221;#ffffff&#8221; text_font_size=&#8221;24px&#8221; text_line_height=&#8221;1.5em&#8221; background_size=&#8221;initial&#8221; background_position=&#8221;top_left&#8221; background_repeat=&#8221;repeat&#8221; module_alignment=&#8221;left&#8221; animation_style=&#8221;flip&#8221; animation_direction=&#8221;top&#8221; animation_intensity_flip=&#8221;20%&#8221; locked=&#8221;off&#8221; global_colors_info=&#8221;{}&#8221;]<\/p>\n<p>Flexibly adaptable to requirements and with versatile mounting options.<\/p>\n<p>A real all-rounder!<\/p>\n<p>[\/et_pb_text][\/et_pb_column][\/et_pb_row][\/et_pb_section][et_pb_section fb_built=&#8221;1&#8243; admin_label=&#8221;Text and Image&#8221; _builder_version=&#8221;4.16&#8243; background_color=&#8221;#f7f7f7&#8243; custom_padding=&#8221;110px|0px|110px|0px&#8221; da_disable_devices=&#8221;off|off|off&#8221; global_colors_info=&#8221;{}&#8221; da_is_popup=&#8221;off&#8221; da_exit_intent=&#8221;off&#8221; da_has_close=&#8221;on&#8221; da_alt_close=&#8221;off&#8221; da_dark_close=&#8221;off&#8221; da_not_modal=&#8221;on&#8221; da_is_singular=&#8221;off&#8221; da_with_loader=&#8221;off&#8221; da_has_shadow=&#8221;on&#8221;][et_pb_row disabled_on=&#8221;off|off|off&#8221; _builder_version=&#8221;4.18.0&#8243; background_size=&#8221;initial&#8221; background_position=&#8221;top_left&#8221; background_repeat=&#8221;repeat&#8221; locked=&#8221;off&#8221; global_colors_info=&#8221;{}&#8221;][et_pb_column type=&#8221;4_4&#8243; _builder_version=&#8221;4.16&#8243; custom_padding=&#8221;|||&#8221; global_colors_info=&#8221;{}&#8221; custom_padding__hover=&#8221;|||&#8221;][et_pb_text _builder_version=&#8221;4.18.0&#8243; _module_preset=&#8221;default&#8221; global_colors_info=&#8221;{}&#8221;]<\/p>\n<h2 style=\"text-align: left;\">Modular chain conveyor MBF-P 80\/120<\/h2>\n<p style=\"text-align: left;\">\n<p style=\"text-align: left;\">Like its little brother MBF-P 55\/120, the ErgoTek MBF-P 80\/120 modular conveyor is an all-rounder in conveyor technology that can be flexibly adapted to your requirements, but is designed for higher loads.<\/p>\n<p style=\"text-align: left;\">The MBF-P 80\/120 can be operated in any installation position and the ErgoTek plastic modular chain ensures that the conveyor stays on track and your workpieces are transported reliably.<\/p>\n<p style=\"text-align: left;\">We also offer the right accessories for the MBF-P 80\/120. Starting with the precisely fitting frame for your individual installation situation through to special KLTs or tool holders to optimize your production processes.<\/p>\n<p style=\"text-align: left;\">The drive can be adjusted for indexing operation, continuous operation or accumulation operation and can be easily integrated into your existing machine control system.<\/p>\n<p>The<span> <\/span><a href=\"https:\/\/ergotek.de\/ideen-aus-kunststoff\/kunststoff-modulkette\">ErgoTek plastic modular belt<\/a><span> <\/span>and all drive components used are:<\/p>\n<ul>\n<li>Maintenance-free \/ free of lubricants<\/li>\n<li>Intrinsically safe \/ stable<\/li>\n<li>reversible \/ without chain bag<\/li>\n<li>Flexible and robust, in all installation positions<\/li>\n<\/ul>\n<p style=\"text-align: left;\"><span style=\"font-size: 16px;\">Do you have special requirements in the food or pharmaceutical industry or need solutions for ESD-compliant transportation to protect your components from electrostatic influences?<\/span><\/p>\n<p style=\"text-align: left;\">We have solutions for your requirements!<\/p>\n<p>[\/et_pb_text][\/et_pb_column][\/et_pb_row][et_pb_row column_structure=&#8221;2_3,1_3&#8243; disabled_on=&#8221;off|off|off&#8221; _builder_version=&#8221;4.18.0&#8243; _module_preset=&#8221;default&#8221; custom_padding=&#8221;||0px||false|false&#8221; locked=&#8221;off&#8221; global_colors_info=&#8221;{}&#8221;][et_pb_column type=&#8221;2_3&#8243; _builder_version=&#8221;4.18.0&#8243; _module_preset=&#8221;default&#8221; global_colors_info=&#8221;{}&#8221;][et_pb_text _builder_version=&#8221;4.18.0&#8243; _module_preset=&#8221;default&#8221; global_colors_info=&#8221;{}&#8221;]<\/p>\n<h2 style=\"text-align: left;\">Technical data (basic version)<\/h2>\n<p>[\/et_pb_text][\/et_pb_column][et_pb_column type=&#8221;1_3&#8243; _builder_version=&#8221;4.18.0&#8243; _module_preset=&#8221;default&#8221; global_colors_info=&#8221;{}&#8221;][\/et_pb_column][\/et_pb_row][et_pb_row column_structure=&#8221;2_3,1_3&#8243; disabled_on=&#8221;off|off|off&#8221; _builder_version=&#8221;4.18.0&#8243; _module_preset=&#8221;default&#8221; custom_padding=&#8221;0px||||false|false&#8221; locked=&#8221;off&#8221; global_colors_info=&#8221;{}&#8221;][et_pb_column type=&#8221;2_3&#8243; _builder_version=&#8221;4.18.0&#8243; _module_preset=&#8221;default&#8221; global_colors_info=&#8221;{}&#8221;][et_pb_code _builder_version=&#8221;4.25.1&#8243; _module_preset=&#8221;default&#8221; global_colors_info=&#8221;{}&#8221;]<div id=\"tablepress-10de-scroll-wrapper\" class=\"tablepress-scroll-wrapper\">\n\n<table id=\"tablepress-10de\" class=\"tablepress tablepress-id-10de tablepress-responsive\">\n<tbody class=\"row-hover\">\n<tr class=\"row-1\">\n\t<td class=\"column-1\">ErgoTek Modulkette:<\/td><td class=\"column-2\">Bandbreite ab 160 mm (1-spurig)<\/td>\n<\/tr>\n<tr class=\"row-2\">\n\t<td class=\"column-1\">ErgoTek Modulkette:<\/td><td class=\"column-2\">Bandl\u00e4nge  ab 600 mm<\/td>\n<\/tr>\n<tr class=\"row-3\">\n\t<td class=\"column-1\">Gesamtbelastung:<\/td><td class=\"column-2\">bis 1.500 kg<\/td>\n<\/tr>\n<tr class=\"row-4\">\n\t<td class=\"column-1\">Geschwindigkeit:<\/td><td class=\"column-2\">bis 40 m\/min<\/td>\n<\/tr>\n<tr class=\"row-5\">\n\t<td class=\"column-1\">Antriebsvariante:<\/td><td class=\"column-2\">Direktantrieb<\/td>\n<\/tr>\n<tr class=\"row-6\">\n\t<td class=\"column-1\">Kettenmodule (n):<\/td><td class=\"column-2\">26 St\u00fcck (in der k\u00fcrzesten Ausf\u00fchrung)<\/td>\n<\/tr>\n<tr class=\"row-7\">\n\t<td class=\"column-1\">Kettenmodul-Raster:<\/td><td class=\"column-2\">40 mm (bzw. 80 mm)<\/td>\n<\/tr>\n<tr class=\"row-8\">\n\t<td class=\"column-1\">Modulausf\u00fchrung:<\/td><td class=\"column-2\">geschlossen \/ mit Gewinde  \/ mit Gewinde und 2 Index-Bohrung<\/td>\n<\/tr>\n<tr class=\"row-9\">\n\t<td class=\"column-1\">Werkzeugaufnahme:<\/td><td class=\"column-2\">M10-Anschluss (im Kettenmodul-Raster 80 mm)<\/td>\n<\/tr>\n<tr class=\"row-10\">\n\t<td class=\"column-1\">Einbaulage:<\/td><td class=\"column-2\">beliebig!<\/td>\n<\/tr>\n<\/tbody>\n<\/table>\n\n<\/div>[\/et_pb_code][\/et_pb_column][et_pb_column type=&#8221;1_3&#8243; _builder_version=&#8221;4.18.0&#8243; _module_preset=&#8221;default&#8221; global_colors_info=&#8221;{}&#8221;][et_pb_image src=&#8221;https:\/\/ergotek.de\/wp-content\/uploads\/mbf-p80-120_a600xb160_1sp.jpg&#8221; alt=&#8221;ErgoTek plastic modular chain conveyor MBF-P 80\/120 1-lane&#8221; title_text=&#8221;mbf-p80-120_a600xb160_1-lane&#8221; show_in_lightbox=&#8221;on&#8221; use_overlay=&#8221;on&#8221; _builder_version=&#8221;4.18.0&#8243; _module_preset=&#8221;default&#8221; custom_margin=&#8221;||10px||false|false&#8221; box_shadow_style=&#8221;preset1&#8243; global_colors_info=&#8221;{}&#8221;][\/et_pb_image][et_pb_text _builder_version=&#8221;4.18.0&#8243; _module_preset=&#8221;default&#8221; text_orientation=&#8221;center&#8221; global_colors_info=&#8221;{}&#8221;]<\/p>\n<p>Basic version (1-lane)<\/p>\n<p>[\/et_pb_text][\/et_pb_column][\/et_pb_row][et_pb_row column_structure=&#8221;2_3,1_3&#8243; disabled_on=&#8221;off|off|off&#8221; _builder_version=&#8221;4.18.0&#8243; _module_preset=&#8221;default&#8221; custom_padding=&#8221;||0px||false|false&#8221; locked=&#8221;off&#8221; global_colors_info=&#8221;{}&#8221;][et_pb_column type=&#8221;2_3&#8243; _builder_version=&#8221;4.18.0&#8243; _module_preset=&#8221;default&#8221; global_colors_info=&#8221;{}&#8221;][et_pb_text _builder_version=&#8221;4.18.0&#8243; _module_preset=&#8221;default&#8221; global_colors_info=&#8221;{}&#8221;]<\/p>\n<h2 style=\"text-align: left;\">Modular expansion options<\/h2>\n<p>[\/et_pb_text][\/et_pb_column][et_pb_column type=&#8221;1_3&#8243; _builder_version=&#8221;4.18.0&#8243; _module_preset=&#8221;default&#8221; global_colors_info=&#8221;{}&#8221;][\/et_pb_column][\/et_pb_row][et_pb_row column_structure=&#8221;2_3,1_3&#8243; disabled_on=&#8221;off|off|off&#8221; _builder_version=&#8221;4.18.0&#8243; _module_preset=&#8221;default&#8221; custom_padding=&#8221;0px||||false|false&#8221; locked=&#8221;off&#8221; global_colors_info=&#8221;{}&#8221;][et_pb_column type=&#8221;2_3&#8243; _builder_version=&#8221;4.18.0&#8243; _module_preset=&#8221;default&#8221; global_colors_info=&#8221;{}&#8221;][et_pb_code _builder_version=&#8221;4.25.1&#8243; _module_preset=&#8221;default&#8221; global_colors_info=&#8221;{}&#8221;]<div id=\"tablepress-11de-scroll-wrapper\" class=\"tablepress-scroll-wrapper\">\n\n<table id=\"tablepress-11de\" class=\"tablepress tablepress-id-11de tablepress-responsive\">\n<tbody class=\"row-hover\">\n<tr class=\"row-1\">\n\t<td class=\"column-1\">ErgoTek Modulkette:<\/td><td class=\"column-2\"><b>Bandbreite<\/b> in Schritten von 120 mm <b>bis max. 3.760 mm erweiterbar<\/b><br \/>\n- m\u00f6gliche Spurbreiten: 160 \/ 280 \/ 400 \/ 520 \/ ... \/ 3.760 mm <\/td>\n<\/tr>\n<tr class=\"row-2\">\n\t<td class=\"column-1\">ErgoTek Modulkette:<\/td><td class=\"column-2\"><b>Bandl\u00e4nge<\/b> in Schritten von 40 mm <b>bis 25.000 mm erweiterbar<\/b><br \/>\n(gr\u00f6\u00dfere L\u00e4ngen auf Anfrage)<\/td>\n<\/tr>\n<tr class=\"row-3\">\n\t<td class=\"column-1\">Antriebsvarianten:<\/td><td class=\"column-2\"><b>ohne Antrieb \/ Direkt- oder indirekter-Antrieb<\/b><\/td>\n<\/tr>\n<tr class=\"row-4\">\n\t<td class=\"column-1\">Zubeh\u00f6r:<\/td><td class=\"column-2\"><b>St\u00e4nder, Bauteilaufnahmen,\u2026<\/b> auf Anfrage<\/td>\n<\/tr>\n<\/tbody>\n<\/table>\n\n<\/div>[\/et_pb_code][\/et_pb_column][et_pb_column type=&#8221;1_3&#8243; _builder_version=&#8221;4.18.0&#8243; _module_preset=&#8221;default&#8221; global_colors_info=&#8221;{}&#8221;][et_pb_image src=&#8221;https:\/\/ergotek.de\/wp-content\/uploads\/mbf-p80-120_a600xb1000_8sp.jpg&#8221; alt=&#8221;ErgoTek plastic modular chain conveyor MBF-P 80\/120 8-lane&#8221; title_text=&#8221;mbf-p80-120_a600xb1000_8-lane&#8221; show_in_lightbox=&#8221;on&#8221; use_overlay=&#8221;on&#8221; _builder_version=&#8221;4.18.0&#8243; _module_preset=&#8221;default&#8221; custom_margin=&#8221;||10px||false|false&#8221; box_shadow_style=&#8221;preset1&#8243; global_colors_info=&#8221;{}&#8221;][\/et_pb_image][et_pb_text _builder_version=&#8221;4.18.0&#8243; _module_preset=&#8221;default&#8221; text_orientation=&#8221;center&#8221; global_colors_info=&#8221;{}&#8221;]<\/p>\n<p>Extended version (example 8-lane)<\/p>\n<p>[\/et_pb_text][\/et_pb_column][\/et_pb_row][et_pb_row column_structure=&#8221;2_3,1_3&#8243; disabled_on=&#8221;off|off|off&#8221; _builder_version=&#8221;4.18.0&#8243; _module_preset=&#8221;default&#8221; custom_padding=&#8221;||0px||false|false&#8221; locked=&#8221;off&#8221; global_colors_info=&#8221;{}&#8221;][et_pb_column type=&#8221;2_3&#8243; _builder_version=&#8221;4.18.0&#8243; _module_preset=&#8221;default&#8221; global_colors_info=&#8221;{}&#8221;][et_pb_text _builder_version=&#8221;4.18.0&#8243; _module_preset=&#8221;default&#8221; global_colors_info=&#8221;{}&#8221;]<\/p>\n<h2 style=\"text-align: left;\">Extension to 4 deflections<\/h2>\n<p>[\/et_pb_text][\/et_pb_column][et_pb_column type=&#8221;1_3&#8243; _builder_version=&#8221;4.18.0&#8243; _module_preset=&#8221;default&#8221; global_colors_info=&#8221;{}&#8221;][\/et_pb_column][\/et_pb_row][et_pb_row column_structure=&#8221;2_3,1_3&#8243; disabled_on=&#8221;off|off|off&#8221; _builder_version=&#8221;4.18.0&#8243; _module_preset=&#8221;default&#8221; custom_padding=&#8221;0px||||false|false&#8221; locked=&#8221;off&#8221; global_colors_info=&#8221;{}&#8221;][et_pb_column type=&#8221;2_3&#8243; _builder_version=&#8221;4.18.0&#8243; _module_preset=&#8221;default&#8221; global_colors_info=&#8221;{}&#8221;][et_pb_code _builder_version=&#8221;4.25.1&#8243; _module_preset=&#8221;default&#8221; global_colors_info=&#8221;{}&#8221;]<div id=\"tablepress-12de-scroll-wrapper\" class=\"tablepress-scroll-wrapper\">\n\n<table id=\"tablepress-12de\" class=\"tablepress tablepress-id-12de tablepress-responsive\">\n<tbody class=\"row-hover\">\n<tr class=\"row-1\">\n\t<td class=\"column-1\">ErgoTek Modulkette:<\/td><td class=\"column-2\">Bandbreite 160 mm \u2013 Erweiterung auf Anfrage<\/td>\n<\/tr>\n<tr class=\"row-2\">\n\t<td class=\"column-1\">ErgoTek Modulkette:<\/td><td class=\"column-2\">Bandl\u00e4nge 275 \/ 522,5 mm <b>bis 5.000 \/ 12.000 mm erweiterbar<\/b><br \/>\n(gr\u00f6\u00dfere L\u00e4ngen und Breiten auf Anfrage)<\/td>\n<\/tr>\n<tr class=\"row-3\">\n\t<td class=\"column-1\">Kettenmodule (n):<\/td><td class=\"column-2\">36 St\u00fcck (in der k\u00fcrzesten Ausf\u00fchrung)<\/td>\n<\/tr>\n<tr class=\"row-4\">\n\t<td class=\"column-1\">Antriebsvarianten:<\/td><td class=\"column-2\"><b>ohne Antrieb \/ indirekter Antrieb (innen oder au\u00dfenliegend)<\/b><\/td>\n<\/tr>\n<tr class=\"row-5\">\n\t<td class=\"column-1\">Zubeh\u00f6r:<\/td><td class=\"column-2\"><b>St\u00e4nder, Bauteilaufnahmen,\u2026<\/b> auf Anfrage<\/td>\n<\/tr>\n<\/tbody>\n<\/table>\n\n<\/div>[\/et_pb_code][\/et_pb_column][et_pb_column type=&#8221;1_3&#8243; _builder_version=&#8221;4.18.0&#8243; _module_preset=&#8221;default&#8221; global_colors_info=&#8221;{}&#8221;][et_pb_image src=&#8221;https:\/\/ergotek.de\/wp-content\/uploads\/mbf-p80_b280_4u-1.jpg&#8221; alt=&#8221;ErgoTek plastic modular chain conveyor MBF-P 80\/120-4U 1-lane &#8211; 4 diverters&#8221; title_text=&#8221;mbf-p80_b280_4u&#8221; show_in_lightbox=&#8221;on&#8221; use_overlay=&#8221;on&#8221; _builder_version=&#8221;4.18.0&#8243; _module_preset=&#8221;default&#8221; custom_margin=&#8221;||10px||false|false&#8221; box_shadow_style=&#8221;preset1&#8243; global_colors_info=&#8221;{}&#8221;][\/et_pb_image][et_pb_text _builder_version=&#8221;4.18.0&#8243; _module_preset=&#8221;default&#8221; text_orientation=&#8221;center&#8221; global_colors_info=&#8221;{}&#8221;]<\/p>\n<p>Extended version 4U (4 deflections)<\/p>\n<p>[\/et_pb_text][\/et_pb_column][\/et_pb_row][et_pb_row disabled_on=&#8221;off|off|off&#8221; _builder_version=&#8221;4.18.0&#8243; background_size=&#8221;initial&#8221; background_position=&#8221;top_left&#8221; background_repeat=&#8221;repeat&#8221; locked=&#8221;off&#8221; global_colors_info=&#8221;{}&#8221;][et_pb_column type=&#8221;4_4&#8243; _builder_version=&#8221;4.16&#8243; custom_padding=&#8221;|||&#8221; global_colors_info=&#8221;{}&#8221; custom_padding__hover=&#8221;|||&#8221;][et_pb_text disabled_on=&#8221;off|off|off&#8221; _builder_version=&#8221;4.18.0&#8243; _module_preset=&#8221;default&#8221; global_colors_info=&#8221;{}&#8221;]<\/p>\n<h2 style=\"text-align: left;\">CAD STEP data<\/h2>\n<p><strong>Try our special CAD STEP data download service!<\/strong><\/p>\n<p>With our STEP data, we offer you the opportunity to integrate and test our products in your production application.<br \/>Convince yourself of our variability!<\/p>\n<p>You can access the download via the contact form below.<br \/>Further information can be found under <a href=\"https:\/\/ergotek.de\/en\/download-cad-step-data\">CAD STEP data download<\/a>.<\/p>\n<p>[\/et_pb_text][\/et_pb_column][\/et_pb_row][et_pb_row _builder_version=&#8221;4.18.0&#8243; background_size=&#8221;initial&#8221; background_position=&#8221;top_left&#8221; background_repeat=&#8221;repeat&#8221; custom_padding=&#8221;||0px||false|false&#8221; global_colors_info=&#8221;{}&#8221;][et_pb_column type=&#8221;4_4&#8243; _builder_version=&#8221;4.16&#8243; custom_padding=&#8221;|||&#8221; global_colors_info=&#8221;{}&#8221; custom_padding__hover=&#8221;|||&#8221;][et_pb_text _builder_version=&#8221;4.18.0&#8243; _module_preset=&#8221;default&#8221; custom_margin=&#8221;||||false|false&#8221; custom_padding=&#8221;||||false|false&#8221; locked=&#8221;off&#8221; global_colors_info=&#8221;{}&#8221;]<\/p>\n<h2>Pictures and video<\/h2>\n<p>[\/et_pb_text][\/et_pb_column][\/et_pb_row][et_pb_row column_structure=&#8221;1_2,1_2&#8243; _builder_version=&#8221;4.16&#8243; background_size=&#8221;initial&#8221; background_position=&#8221;top_left&#8221; background_repeat=&#8221;repeat&#8221; global_colors_info=&#8221;{}&#8221;][et_pb_column type=&#8221;1_2&#8243; _builder_version=&#8221;4.16&#8243; custom_padding=&#8221;|||&#8221; global_colors_info=&#8221;{}&#8221; custom_padding__hover=&#8221;|||&#8221;][et_pb_slider show_content_on_mobile=&#8221;off&#8221; show_image_video_mobile=&#8221;on&#8221; arrows_custom_color=&#8221;#2C66AF&#8221; dot_nav_custom_color=&#8221;#2C66AF&#8221; module_class=&#8221;product-slider&#8221; _builder_version=&#8221;4.16&#8243; _module_preset=&#8221;default&#8221; header_text_color=&#8221;#2C66AF&#8221; background_color=&#8221;RGBA(0,0,0,0)&#8221; custom_padding=&#8221;15px||50px||false|false&#8221; auto=&#8221;on&#8221; auto_speed=&#8221;4000&#8243; motion_trigger_start=&#8221;top&#8221; box_shadow_style=&#8221;preset1&#8243; global_colors_info=&#8221;{}&#8221;][et_pb_slide heading=&#8221;Circulating conveyor, 2-lane with 4-fold deflection&#8221; image=&#8221;https:\/\/ergotek.de\/wp-content\/uploads\/2021\/09\/IMG_1923-scaled.jpg&#8221; use_bg_overlay=&#8221;off&#8221; _builder_version=&#8221;4.16&#8243; _module_preset=&#8221;default&#8221; background_color=&#8221;RGBA(0,0,0,0)&#8221; background_enable_color=&#8221;on&#8221; custom_padding=&#8221;|0px||0px|false|false&#8221; global_colors_info=&#8221;{}&#8221; sticky_transition=&#8221;on&#8221;][\/et_pb_slide][et_pb_slide heading=&#8221;Hedgehog conveyor, 3-lane&#8221; image=&#8221;https:\/\/ergotek.de\/wp-content\/uploads\/2021\/09\/IMG_1839-scaled.jpg&#8221; use_bg_overlay=&#8221;off&#8221; _builder_version=&#8221;4.16&#8243; _module_preset=&#8221;default&#8221; background_color=&#8221;RGBA(0,0,0,0)&#8221; background_enable_color=&#8221;on&#8221; custom_padding=&#8221;|0px||0px|false|false&#8221; global_colors_info=&#8221;{}&#8221; sticky_transition=&#8221;on&#8221;][\/et_pb_slide][et_pb_slide heading=&#8221;3D STEP file MBF-P 80\/120 1-lane&#8221; image=&#8221;https:\/\/ergotek.de\/wp-content\/uploads\/2021\/09\/MBF-P80_120_1SP.jpg&#8221; _builder_version=&#8221;4.16&#8243; _module_preset=&#8221;default&#8221; background_enable_color=&#8221;off&#8221; global_colors_info=&#8221;{}&#8221; sticky_transition=&#8221;on&#8221;][\/et_pb_slide][\/et_pb_slider][\/et_pb_column][et_pb_column type=&#8221;1_2&#8243; _builder_version=&#8221;4.16&#8243; custom_padding=&#8221;|||&#8221; global_colors_info=&#8221;{}&#8221; custom_padding__hover=&#8221;|||&#8221;][et_pb_video src=&#8221;https:\/\/ergotek.de\/wp-content\/uploads\/ErgoTek-Innovationen.mp4&#8243; image_src=&#8221;https:\/\/ergotek.de\/wp-content\/uploads\/ErgoTek-Innovationen.jpg&#8221; _builder_version=&#8221;4.20.2&#8243; _module_preset=&#8221;default&#8221; custom_margin=&#8221;||15px||false|false&#8221; box_shadow_style=&#8221;preset1&#8243; box_shadow_spread=&#8221;5px&#8221; locked=&#8221;off&#8221; global_colors_info=&#8221;{}&#8221;][\/et_pb_video][et_pb_text _builder_version=&#8221;4.20.2&#8243; _module_preset=&#8221;default&#8221; custom_margin=&#8221;||75px||false|false&#8221; custom_margin_tablet=&#8221;||50px||false|false&#8221; custom_margin_phone=&#8221;||50px||false|false&#8221; custom_margin_last_edited=&#8221;on|phone&#8221; custom_padding=&#8221;||||false|false&#8221; locked=&#8221;off&#8221; global_colors_info=&#8221;{}&#8221;]<\/p>\n<p>ErgoTek Innovations &#8211; MBF-P 80\/120 3-lane lowering lift<\/p>\n<p>[\/et_pb_text][\/et_pb_column][\/et_pb_row][\/et_pb_section][et_pb_section fb_built=&#8221;1&#8243; admin_label=&#8221;Anfrage + CAD-Daten&#8221; module_id=&#8221;Mail&#8221; _builder_version=&#8221;4.14.2&#8243; _module_preset=&#8221;default&#8221; background_color=&#8221;RGBA(0,0,0,0)&#8221; da_disable_devices=&#8221;off|off|off&#8221; global_module=&#8221;1107&#8243; saved_tabs=&#8221;all&#8221; collapsed=&#8221;off&#8221; global_colors_info=&#8221;{}&#8221; da_is_popup=&#8221;off&#8221; da_exit_intent=&#8221;off&#8221; da_has_close=&#8221;on&#8221; da_alt_close=&#8221;off&#8221; da_dark_close=&#8221;off&#8221; da_not_modal=&#8221;on&#8221; da_is_singular=&#8221;off&#8221; da_with_loader=&#8221;off&#8221; da_has_shadow=&#8221;on&#8221;][et_pb_row _builder_version=&#8221;4.16&#8243; _module_preset=&#8221;default&#8221; global_colors_info=&#8221;{}&#8221;][et_pb_column type=&#8221;4_4&#8243; _builder_version=&#8221;4.16&#8243; _module_preset=&#8221;default&#8221; global_colors_info=&#8221;{}&#8221;][et_pb_text admin_label=&#8221;KONTAKT UND CAD DATEN-DOWNLOAD&#8221; _builder_version=&#8221;4.16&#8243; text_font=&#8221;Montserrat||||||||&#8221; text_text_color=&#8221;#747d88&#8243; text_line_height=&#8221;1.9em&#8221; header_font=&#8221;||||||||&#8221; header_2_font=&#8221;Montserrat|700||on|||||&#8221; header_2_font_size=&#8221;42px&#8221; header_2_line_height=&#8221;1.3em&#8221; background_size=&#8221;initial&#8221; background_position=&#8221;top_left&#8221; background_repeat=&#8221;repeat&#8221; text_orientation=&#8221;center&#8221; module_alignment=&#8221;center&#8221; animation_style=&#8221;slide&#8221; animation_direction=&#8221;bottom&#8221; animation_intensity_slide=&#8221;4%&#8221; global_colors_info=&#8221;{}&#8221;]<\/p>\n<h2>CONTACT AND CAD DATA DOWNLOAD<\/h2>\n<p>[\/et_pb_text][wpforms_selector form_id=&#8221;986&#8243; admin_label=&#8221;WPforms Kontaktformular&#8221; _builder_version=&#8221;4.14.2&#8243; _module_preset=&#8221;default&#8221; global_colors_info=&#8221;{}&#8221;][\/wpforms_selector][\/et_pb_column][\/et_pb_row][\/et_pb_section]<\/p>\n","protected":false},"excerpt":{"rendered":"<p>Modular belt conveyorModule conveyor MBF-P 80\/120Flexibly adaptable to requirements and with versatile mounting options. A real all-rounder!Modular chain conveyor MBF-P 80\/120 Like its little brother MBF-P 55\/120, the ErgoTek MBF-P 80\/120 modular conveyor is an all-rounder in conveyor technology that can be flexibly adapted to your requirements, but is designed for higher loads. The MBF-P [&hellip;]<\/p>\n","protected":false},"author":1,"featured_media":0,"parent":244678,"menu_order":0,"comment_status":"closed","ping_status":"closed","template":"","meta":{"_et_pb_use_builder":"on","_et_pb_old_content":"","_et_gb_content_width":"","footnotes":""},"class_list":["post-244804","page","type-page","status-publish","hentry"],"_links":{"self":[{"href":"https:\/\/ergotek.de\/en\/wp-json\/wp\/v2\/pages\/244804","targetHints":{"allow":["GET"]}}],"collection":[{"href":"https:\/\/ergotek.de\/en\/wp-json\/wp\/v2\/pages"}],"about":[{"href":"https:\/\/ergotek.de\/en\/wp-json\/wp\/v2\/types\/page"}],"author":[{"embeddable":true,"href":"https:\/\/ergotek.de\/en\/wp-json\/wp\/v2\/users\/1"}],"replies":[{"embeddable":true,"href":"https:\/\/ergotek.de\/en\/wp-json\/wp\/v2\/comments?post=244804"}],"version-history":[{"count":4,"href":"https:\/\/ergotek.de\/en\/wp-json\/wp\/v2\/pages\/244804\/revisions"}],"predecessor-version":[{"id":247867,"href":"https:\/\/ergotek.de\/en\/wp-json\/wp\/v2\/pages\/244804\/revisions\/247867"}],"up":[{"embeddable":true,"href":"https:\/\/ergotek.de\/en\/wp-json\/wp\/v2\/pages\/244678"}],"wp:attachment":[{"href":"https:\/\/ergotek.de\/en\/wp-json\/wp\/v2\/media?parent=244804"}],"curies":[{"name":"wp","href":"https:\/\/api.w.org\/{rel}","templated":true}]}}