{"id":244807,"date":"2021-09-10T07:53:52","date_gmt":"2021-09-10T05:53:52","guid":{"rendered":"https:\/\/ergotek.de\/module-conveyor\/module-conveyor-mbf-p-s-55-100s"},"modified":"2024-12-16T16:18:23","modified_gmt":"2024-12-16T15:18:23","slug":"module-conveyor-mbf-p-s-55-100s","status":"publish","type":"page","link":"https:\/\/ergotek.de\/en\/module-conveyor\/module-conveyor-mbf-p-s-55-100s","title":{"rendered":"Module conveyor MBF-P\/S 55\/100S"},"content":{"rendered":"<p>[et_pb_section fb_built=&#8221;1&#8243; admin_label=&#8221;Hero&#8221; _builder_version=&#8221;4.16&#8243; use_background_color_gradient=&#8221;on&#8221; background_color_gradient_stops=&#8221;rgba(0,0,0,0.31) 0%|rgba(0,0,0,0.31) 100%&#8221; background_color_gradient_overlays_image=&#8221;on&#8221; background_color_gradient_start=&#8221;rgba(0,0,0,0.31)&#8221; background_color_gradient_end=&#8221;rgba(0,0,0,0.31)&#8221; background_image=&#8221;https:\/\/ergotek.de\/wp-content\/uploads\/2021\/11\/MBF-S_55_100S-scaled.jpg&#8221; min_height=&#8221;770px&#8221; min_height_tablet=&#8221;770px&#8221; min_height_phone=&#8221;770px&#8221; min_height_last_edited=&#8221;on|phone&#8221; custom_padding=&#8221;110px|0px|110px|0px|false|false&#8221; bottom_divider_style=&#8221;ramp2&#8243; bottom_divider_color=&#8221;#0C71C3&#8243; animation_style=&#8221;zoom&#8221; animation_intensity_zoom=&#8221;4%&#8221; da_disable_devices=&#8221;off|off|off&#8221; global_colors_info=&#8221;{}&#8221; da_is_popup=&#8221;off&#8221; da_exit_intent=&#8221;off&#8221; da_has_close=&#8221;on&#8221; da_alt_close=&#8221;off&#8221; da_dark_close=&#8221;off&#8221; da_not_modal=&#8221;on&#8221; da_is_singular=&#8221;off&#8221; da_with_loader=&#8221;off&#8221; da_has_shadow=&#8221;on&#8221;][et_pb_row _builder_version=&#8221;4.16&#8243; background_size=&#8221;initial&#8221; background_position=&#8221;top_left&#8221; background_repeat=&#8221;repeat&#8221; custom_padding=&#8221;|||&#8221; animation_style=&#8221;slide&#8221; animation_direction=&#8221;top&#8221; animation_intensity_slide=&#8221;3%&#8221; global_colors_info=&#8221;{}&#8221;][et_pb_column type=&#8221;4_4&#8243; _builder_version=&#8221;4.16&#8243; custom_padding=&#8221;|||&#8221; global_colors_info=&#8221;{}&#8221; custom_padding__hover=&#8221;|||&#8221;][et_pb_text _builder_version=&#8221;4.16&#8243; text_font=&#8221;Montserrat|500||on|||||&#8221; text_text_color=&#8221;#FFFFFF&#8221; text_letter_spacing=&#8221;3px&#8221; header_2_text_color=&#8221;#FFFFFF&#8221; header_2_font_size=&#8221;24px&#8221; background_size=&#8221;initial&#8221; background_position=&#8221;top_left&#8221; background_repeat=&#8221;repeat&#8221; animation_style=&#8221;slide&#8221; animation_direction=&#8221;bottom&#8221; locked=&#8221;off&#8221; global_colors_info=&#8221;{}&#8221;]<\/p>\n<h2>Modular belt conveyor<\/h2>\n<p>[\/et_pb_text][et_pb_text _builder_version=&#8221;4.17.3&#8243; text_font=&#8221;||||||||&#8221; header_font=&#8221;|700||on|||||&#8221; header_text_color=&#8221;#ffffff&#8221; header_font_size=&#8221;50px&#8221; header_line_height=&#8221;1.3em&#8221; header_2_font=&#8221;||||||||&#8221; background_size=&#8221;initial&#8221; background_position=&#8221;top_left&#8221; background_repeat=&#8221;repeat&#8221; animation_style=&#8221;fade&#8221; header_font_size_tablet=&#8221;50px&#8221; header_font_size_phone=&#8221;35px&#8221; header_font_size_last_edited=&#8221;on|phone&#8221; locked=&#8221;off&#8221; global_colors_info=&#8221;{}&#8221;]<\/p>\n<h1>Module conveyor MBF-P\/S 55\/100S<\/h1>\n<p>[\/et_pb_text][et_pb_text _builder_version=&#8221;4.16&#8243; text_font=&#8221;||||||||&#8221; text_text_color=&#8221;#ffffff&#8221; text_font_size=&#8221;24px&#8221; text_line_height=&#8221;1.5em&#8221; background_size=&#8221;initial&#8221; background_position=&#8221;top_left&#8221; background_repeat=&#8221;repeat&#8221; module_alignment=&#8221;left&#8221; animation_style=&#8221;flip&#8221; animation_direction=&#8221;top&#8221; animation_intensity_flip=&#8221;20%&#8221; locked=&#8221;off&#8221; global_colors_info=&#8221;{}&#8221;]The integrated castors make it easy to move heavy loads! As profile or steel (VA) base, both variants are available![\/et_pb_text][\/et_pb_column][\/et_pb_row][\/et_pb_section][et_pb_section fb_built=&#8221;1&#8243; admin_label=&#8221;Text and Image&#8221; _builder_version=&#8221;4.16&#8243; background_color=&#8221;#f7f7f7&#8243; custom_padding=&#8221;110px|0px|110px|0px&#8221; da_disable_devices=&#8221;off|off|off&#8221; global_colors_info=&#8221;{}&#8221; da_is_popup=&#8221;off&#8221; da_exit_intent=&#8221;off&#8221; da_has_close=&#8221;on&#8221; da_alt_close=&#8221;off&#8221; da_dark_close=&#8221;off&#8221; da_not_modal=&#8221;on&#8221; da_is_singular=&#8221;off&#8221; da_with_loader=&#8221;off&#8221; da_has_shadow=&#8221;on&#8221;][et_pb_row disabled_on=&#8221;off|off|off&#8221; _builder_version=&#8221;4.18.0&#8243; background_size=&#8221;initial&#8221; background_position=&#8221;top_left&#8221; background_repeat=&#8221;repeat&#8221; locked=&#8221;off&#8221; global_colors_info=&#8221;{}&#8221;][et_pb_column type=&#8221;4_4&#8243; _builder_version=&#8221;4.16&#8243; custom_padding=&#8221;|||&#8221; global_colors_info=&#8221;{}&#8221; custom_padding__hover=&#8221;|||&#8221;][et_pb_text _builder_version=&#8221;4.27.4&#8243; _module_preset=&#8221;default&#8221; global_colors_info=&#8221;{}&#8221;]<\/p>\n<h2 style=\"text-align: left;\">Module conveyor MBF-P\/S 55\/100S<\/h2>\n<p style=\"text-align: left;\">\n<p style=\"text-align: left;\">The MBF-P\/S 55\/100S modular chain conveyor is the heavy-duty version of our modular conveyor technology multi-talents. Integrated castors allow the MBF-P\/S 55\/100S to move heavy loads easily and safely.<\/p>\n<p style=\"text-align: left;\">Flexible adaptation to your requirements starts with the chassis, which can be designed as a profile or steel (VA) base. Thanks to the variable design of the ErgoTek plastic modular chain, the width and length can of course also be adapted to your requirements.<\/p>\n<p style=\"text-align: left;\">Even in the heavy-duty version, the installation position can be customized, the conveyor stays on track and we optimize your production processes with suitable accessories. Starting with the precisely fitting frame for your individual installation situation, through special KLTs or structural component holders, to custom-made component holders for transporting your pallets or pallet cages. We optimize your production processes.<\/p>\n<p style=\"text-align: left;\">The drive can be adjusted for indexing operation, continuous operation or accumulation operation and can be easily integrated into your existing machine control system.<\/p>\n<p style=\"text-align: left;\">The <a href=\"https:\/\/ergotek.de\/ideen-aus-kunststoff\/kunststoff-modulkette\">ErgoTek plastic modular belt<\/a> and all drive components used are:<\/p>\n<ul>\n<li>Maintenance-free \/ free of lubricants<\/li>\n<li>Intrinsically safe \/ stable<\/li>\n<li>reversible \/ without chain bag<\/li>\n<li>Flexible and robust, in all installation positions<\/li>\n<\/ul>\n<p style=\"text-align: left;\">Do you have special requirements in the food or pharmaceutical industry or need solutions for ESD-compliant transportation to protect your components from electrostatic influences?<\/p>\n<p style=\"text-align: left;\">We have solutions for your requirements!<\/p>\n<p>[\/et_pb_text][\/et_pb_column][\/et_pb_row][et_pb_row column_structure=&#8221;2_3,1_3&#8243; disabled_on=&#8221;off|off|off&#8221; _builder_version=&#8221;4.18.0&#8243; _module_preset=&#8221;default&#8221; custom_padding=&#8221;||0px||false|false&#8221; locked=&#8221;off&#8221; global_colors_info=&#8221;{}&#8221;][et_pb_column type=&#8221;2_3&#8243; _builder_version=&#8221;4.18.0&#8243; _module_preset=&#8221;default&#8221; global_colors_info=&#8221;{}&#8221;][et_pb_text _builder_version=&#8221;4.18.0&#8243; _module_preset=&#8221;default&#8221; global_colors_info=&#8221;{}&#8221;]<\/p>\n<h2 style=\"text-align: left;\">Technical data (basic version)<\/h2>\n<p>[\/et_pb_text][\/et_pb_column][et_pb_column type=&#8221;1_3&#8243; _builder_version=&#8221;4.18.0&#8243; _module_preset=&#8221;default&#8221; global_colors_info=&#8221;{}&#8221;][\/et_pb_column][\/et_pb_row][et_pb_row column_structure=&#8221;2_3,1_3&#8243; disabled_on=&#8221;off|off|off&#8221; _builder_version=&#8221;4.18.0&#8243; _module_preset=&#8221;default&#8221; custom_padding=&#8221;0px||||false|false&#8221; locked=&#8221;off&#8221; global_colors_info=&#8221;{}&#8221;][et_pb_column type=&#8221;2_3&#8243; _builder_version=&#8221;4.18.0&#8243; _module_preset=&#8221;default&#8221; global_colors_info=&#8221;{}&#8221;][et_pb_code _builder_version=&#8221;4.25.1&#8243; _module_preset=&#8221;default&#8221; global_colors_info=&#8221;{}&#8221;]<div id=\"tablepress-21de-scroll-wrapper\" class=\"tablepress-scroll-wrapper\">\n\n<table id=\"tablepress-21de\" class=\"tablepress tablepress-id-21de tablepress-responsive\">\n<tbody class=\"row-hover\">\n<tr class=\"row-1\">\n\t<td class=\"column-1\">ErgoTek Modulkette:<\/td><td class=\"column-2\">Bandbreite ab 100 mm (1-spurig)<\/td>\n<\/tr>\n<tr class=\"row-2\">\n\t<td class=\"column-1\">ErgoTek Modulkette:<\/td><td class=\"column-2\">Bandl\u00e4nge ab 522 mm<\/td>\n<\/tr>\n<tr class=\"row-3\">\n\t<td class=\"column-1\">Gesamtbelastung:<\/td><td class=\"column-2\">bis 2.500 kg<\/td>\n<\/tr>\n<tr class=\"row-4\">\n\t<td class=\"column-1\">Geschwindigkeit:<\/td><td class=\"column-2\">bis 30 m\/min<\/td>\n<\/tr>\n<tr class=\"row-5\">\n\t<td class=\"column-1\">Antriebsvariante:<\/td><td class=\"column-2\">Direktantrieb<\/td>\n<\/tr>\n<tr class=\"row-6\">\n\t<td class=\"column-1\">Kettenmodule (n):<\/td><td class=\"column-2\">28 St\u00fcck (in der k\u00fcrzesten Ausf\u00fchrung)<\/td>\n<\/tr>\n<tr class=\"row-7\">\n\t<td class=\"column-1\">Kettenmodul-Raster:<\/td><td class=\"column-2\">55 mm (bzw. 110 mm)<\/td>\n<\/tr>\n<tr class=\"row-8\">\n\t<td class=\"column-1\">Modulausf\u00fchrung:<\/td><td class=\"column-2\">geschlossen \/ mit Gewinde  \/ mit Gewinde und 2 Index-Bohrung<\/td>\n<\/tr>\n<tr class=\"row-9\">\n\t<td class=\"column-1\">Werkzeugaufnahme:<\/td><td class=\"column-2\">M10-Anschluss (im Kettenmodul-Raster 110 mm)<\/td>\n<\/tr>\n<tr class=\"row-10\">\n\t<td class=\"column-1\">Einbaulage:<\/td><td class=\"column-2\">beliebig!<\/td>\n<\/tr>\n<\/tbody>\n<\/table>\n\n<\/div><!-- #tablepress-21de from cache -->[\/et_pb_code][\/et_pb_column][et_pb_column type=&#8221;1_3&#8243; _builder_version=&#8221;4.18.0&#8243; _module_preset=&#8221;default&#8221; global_colors_info=&#8221;{}&#8221;][et_pb_image src=&#8221;https:\/\/ergotek.de\/wp-content\/uploads\/mbf-p55-100_a522xb100.jpg&#8221; alt=&#8221;ErgoTek plastic modular chain conveyor MBF-P\/S 55\/100S 1-lane&#8221; title_text=&#8221;mbf-p55-100_a522xb100&#8243; show_in_lightbox=&#8221;on&#8221; use_overlay=&#8221;on&#8221; _builder_version=&#8221;4.18.0&#8243; _module_preset=&#8221;default&#8221; custom_margin=&#8221;||10px||false|false&#8221; box_shadow_style=&#8221;preset1&#8243; global_colors_info=&#8221;{}&#8221;][\/et_pb_image][et_pb_text _builder_version=&#8221;4.18.0&#8243; _module_preset=&#8221;default&#8221; text_orientation=&#8221;center&#8221; global_colors_info=&#8221;{}&#8221;]<\/p>\n<p>Basic version (1-lane)<\/p>\n<p>[\/et_pb_text][\/et_pb_column][\/et_pb_row][et_pb_row column_structure=&#8221;2_3,1_3&#8243; disabled_on=&#8221;off|off|off&#8221; _builder_version=&#8221;4.18.0&#8243; _module_preset=&#8221;default&#8221; custom_padding=&#8221;||0px||false|false&#8221; locked=&#8221;off&#8221; global_colors_info=&#8221;{}&#8221;][et_pb_column type=&#8221;2_3&#8243; _builder_version=&#8221;4.18.0&#8243; _module_preset=&#8221;default&#8221; global_colors_info=&#8221;{}&#8221;][et_pb_text _builder_version=&#8221;4.18.0&#8243; _module_preset=&#8221;default&#8221; global_colors_info=&#8221;{}&#8221;]<\/p>\n<h2 style=\"text-align: left;\">Modular expansion options<\/h2>\n<p>[\/et_pb_text][\/et_pb_column][et_pb_column type=&#8221;1_3&#8243; _builder_version=&#8221;4.18.0&#8243; _module_preset=&#8221;default&#8221; global_colors_info=&#8221;{}&#8221;][\/et_pb_column][\/et_pb_row][et_pb_row column_structure=&#8221;2_3,1_3&#8243; disabled_on=&#8221;off|off|off&#8221; _builder_version=&#8221;4.18.0&#8243; _module_preset=&#8221;default&#8221; custom_padding=&#8221;0px||||false|false&#8221; locked=&#8221;off&#8221; global_colors_info=&#8221;{}&#8221;][et_pb_column type=&#8221;2_3&#8243; _builder_version=&#8221;4.18.0&#8243; _module_preset=&#8221;default&#8221; global_colors_info=&#8221;{}&#8221;][et_pb_code _builder_version=&#8221;4.25.1&#8243; _module_preset=&#8221;default&#8221; global_colors_info=&#8221;{}&#8221;]<div id=\"tablepress-22de-scroll-wrapper\" class=\"tablepress-scroll-wrapper\">\n\n<table id=\"tablepress-22de\" class=\"tablepress tablepress-id-22de tablepress-responsive\">\n<tbody class=\"row-hover\">\n<tr class=\"row-1\">\n\t<td class=\"column-1\">ErgoTek Modulkette:<\/td><td class=\"column-2\">Bandbreite 100 mm \u2013 Erweiterung auf Anfrage<\/td>\n<\/tr>\n<tr class=\"row-2\">\n\t<td class=\"column-1\">ErgoTek Modulkette:<\/td><td class=\"column-2\"><b>Bandl\u00e4nge<\/b> in Schritten von 55 mm <b>bis 25.000 mm erweiterbar<\/b><br \/>\n(gr\u00f6\u00dfere L\u00e4ngen auf Anfrage)<\/td>\n<\/tr>\n<tr class=\"row-3\">\n\t<td class=\"column-1\">Antriebsvarianten:<\/td><td class=\"column-2\"><b>ohne Antrieb \/ indirekter Antrieb<\/b><\/td>\n<\/tr>\n<tr class=\"row-4\">\n\t<td class=\"column-1\">Zubeh\u00f6r:<\/td><td class=\"column-2\"><b>St\u00e4nder, Bauteilaufnahmen,\u2026<\/b> auf Anfrage<\/td>\n<\/tr>\n<\/tbody>\n<\/table>\n\n<\/div><!-- #tablepress-22de from cache -->[\/et_pb_code][\/et_pb_column][et_pb_column type=&#8221;1_3&#8243; _builder_version=&#8221;4.18.0&#8243; _module_preset=&#8221;default&#8221; global_colors_info=&#8221;{}&#8221;][et_pb_image src=&#8221;https:\/\/ergotek.de\/wp-content\/uploads\/20220728_115300-scaled.jpg&#8221; alt=&#8221;Mesh box transportation&#8221; title_text=&#8221;Single and twin-lane conveyors&#8221; show_in_lightbox=&#8221;on&#8221; use_overlay=&#8221;on&#8221; _builder_version=&#8221;4.18.0&#8243; _module_preset=&#8221;default&#8221; custom_margin=&#8221;||10px||false|false&#8221; box_shadow_style=&#8221;preset1&#8243; global_colors_info=&#8221;{}&#8221;][\/et_pb_image][et_pb_text _builder_version=&#8221;4.18.0&#8243; _module_preset=&#8221;default&#8221; text_orientation=&#8221;center&#8221; global_colors_info=&#8221;{}&#8221;]<\/p>\n<p>Extended version (example ??-lane)<\/p>\n<p>[\/et_pb_text][\/et_pb_column][\/et_pb_row][et_pb_row disabled_on=&#8221;off|off|off&#8221; _builder_version=&#8221;4.18.0&#8243; background_size=&#8221;initial&#8221; background_position=&#8221;top_left&#8221; background_repeat=&#8221;repeat&#8221; locked=&#8221;off&#8221; global_colors_info=&#8221;{}&#8221;][et_pb_column type=&#8221;4_4&#8243; _builder_version=&#8221;4.16&#8243; custom_padding=&#8221;|||&#8221; global_colors_info=&#8221;{}&#8221; custom_padding__hover=&#8221;|||&#8221;][et_pb_text disabled_on=&#8221;off|off|off&#8221; _builder_version=&#8221;4.18.0&#8243; _module_preset=&#8221;default&#8221; global_colors_info=&#8221;{}&#8221;]<\/p>\n<h2 style=\"text-align: left;\">CAD STEP data<\/h2>\n<p><strong>Try our special CAD STEP data download service!<\/strong><\/p>\n<p>With our STEP data, we offer you the opportunity to integrate and test our products in your production application.<br \/>Convince yourself of our variability!<\/p>\n<p>You can access the download via the contact form below.<br \/>Further information can be found under <a href=\"https:\/\/ergotek.de\/en\/download-cad-step-data\">CAD STEP data download<\/a>.<\/p>\n<p>[\/et_pb_text][\/et_pb_column][\/et_pb_row][et_pb_row _builder_version=&#8221;4.18.0&#8243; background_size=&#8221;initial&#8221; background_position=&#8221;top_left&#8221; background_repeat=&#8221;repeat&#8221; custom_padding=&#8221;||0px||false|false&#8221; global_colors_info=&#8221;{}&#8221;][et_pb_column type=&#8221;4_4&#8243; _builder_version=&#8221;4.16&#8243; custom_padding=&#8221;|||&#8221; global_colors_info=&#8221;{}&#8221; custom_padding__hover=&#8221;|||&#8221;][et_pb_text _builder_version=&#8221;4.18.0&#8243; _module_preset=&#8221;default&#8221; custom_margin=&#8221;||||false|false&#8221; locked=&#8221;off&#8221; global_colors_info=&#8221;{}&#8221;]<\/p>\n<h2>Pictures and video<\/h2>\n<p>[\/et_pb_text][\/et_pb_column][\/et_pb_row][et_pb_row column_structure=&#8221;1_2,1_2&#8243; _builder_version=&#8221;4.16&#8243; background_size=&#8221;initial&#8221; background_position=&#8221;top_left&#8221; background_repeat=&#8221;repeat&#8221; global_colors_info=&#8221;{}&#8221;][et_pb_column type=&#8221;1_2&#8243; _builder_version=&#8221;4.16&#8243; custom_padding=&#8221;|||&#8221; global_colors_info=&#8221;{}&#8221; custom_padding__hover=&#8221;|||&#8221;][et_pb_slider show_content_on_mobile=&#8221;off&#8221; show_image_video_mobile=&#8221;on&#8221; arrows_custom_color=&#8221;#0C71C3&#8243; dot_nav_custom_color=&#8221;#2C66AF&#8221; module_class=&#8221;product-slider&#8221; _builder_version=&#8221;4.18.0&#8243; _module_preset=&#8221;default&#8221; header_text_color=&#8221;#2C66AF&#8221; background_color=&#8221;RGBA(0,0,0,0)&#8221; custom_padding=&#8221;15px||50px||false|false&#8221; auto=&#8221;on&#8221; auto_speed=&#8221;4000&#8243; box_shadow_style=&#8221;preset1&#8243; global_colors_info=&#8221;{}&#8221;][et_pb_slide heading=&#8221;Indexing conveyor (profile basis)&#8221; image=&#8221;https:\/\/ergotek.de\/wp-content\/uploads\/2021\/09\/Bild-S11-oben-links-scaled.jpg&#8221; use_bg_overlay=&#8221;off&#8221; arrows_custom_color=&#8221;#2C66AF&#8221; dot_nav_custom_color=&#8221;#2C66AF&#8221; image_last_edited=&#8221;off|desktop&#8221; _builder_version=&#8221;4.18.0&#8243; _module_preset=&#8221;default&#8221; header_text_color=&#8221;#2C66AF&#8221; background_color=&#8221;RGBA(0,0,0,0)&#8221; background_enable_color=&#8221;on&#8221; border_radii_image_last_edited=&#8221;off|desktop&#8221; global_colors_info=&#8221;{}&#8221; sticky_transition=&#8221;on&#8221;][\/et_pb_slide][et_pb_slide heading=&#8221;2-lane indexing conveyor (VA basis)&#8221; image=&#8221;https:\/\/ergotek.de\/wp-content\/uploads\/2021\/09\/Bild-S11-oben-rechts-scaled.jpg&#8221; arrows_custom_color=&#8221;#2C66AF&#8221; dot_nav_custom_color=&#8221;#2C66AF&#8221; _builder_version=&#8221;4.16&#8243; _module_preset=&#8221;default&#8221; header_text_color=&#8221;#2C66AF&#8221; background_enable_color=&#8221;off&#8221; global_colors_info=&#8221;{}&#8221; sticky_transition=&#8221;on&#8221;][\/et_pb_slide][et_pb_slide heading=&#8221;Mesh box and pallet conveyors&#8221; image=&#8221;https:\/\/ergotek.de\/wp-content\/uploads\/20220728_115319-scaled.jpg&#8221; _builder_version=&#8221;4.18.0&#8243; _module_preset=&#8221;default&#8221; global_colors_info=&#8221;{}&#8221; sticky_transition=&#8221;on&#8221;][\/et_pb_slide][\/et_pb_slider][\/et_pb_column][et_pb_column type=&#8221;1_2&#8243; _builder_version=&#8221;4.16&#8243; custom_padding=&#8221;|||&#8221; global_colors_info=&#8221;{}&#8221; custom_padding__hover=&#8221;|||&#8221;][et_pb_video src=&#8221;https:\/\/ergotek.de\/wp-content\/uploads\/ErgoTek-Modulbaender.mp4&#8243; image_src=&#8221;https:\/\/ergotek.de\/wp-content\/uploads\/ErgoTek-Modulbaender.jpg&#8221; _builder_version=&#8221;4.20.2&#8243; _module_preset=&#8221;default&#8221; custom_margin=&#8221;||15px||false|false&#8221; box_shadow_style=&#8221;preset1&#8243; box_shadow_spread=&#8221;5px&#8221; locked=&#8221;off&#8221; global_colors_info=&#8221;{}&#8221;][\/et_pb_video][et_pb_text _builder_version=&#8221;4.20.2&#8243; _module_preset=&#8221;default&#8221; custom_margin=&#8221;||75px||false|false&#8221; custom_margin_tablet=&#8221;||50px||false|false&#8221; custom_margin_phone=&#8221;||50px||false|false&#8221; custom_margin_last_edited=&#8221;on|phone&#8221; custom_padding=&#8221;||||false|false&#8221; locked=&#8221;off&#8221; global_colors_info=&#8221;{}&#8221;]<\/p>\n<p>ErgoTek modular belts<\/p>\n<p>[\/et_pb_text][\/et_pb_column][\/et_pb_row][\/et_pb_section][et_pb_section fb_built=&#8221;1&#8243; admin_label=&#8221;Anfrage + CAD-Daten&#8221; module_id=&#8221;Mail&#8221; _builder_version=&#8221;4.14.2&#8243; _module_preset=&#8221;default&#8221; background_color=&#8221;RGBA(0,0,0,0)&#8221; da_disable_devices=&#8221;off|off|off&#8221; global_module=&#8221;1107&#8243; saved_tabs=&#8221;all&#8221; collapsed=&#8221;off&#8221; global_colors_info=&#8221;{}&#8221; da_is_popup=&#8221;off&#8221; da_exit_intent=&#8221;off&#8221; da_has_close=&#8221;on&#8221; da_alt_close=&#8221;off&#8221; da_dark_close=&#8221;off&#8221; da_not_modal=&#8221;on&#8221; da_is_singular=&#8221;off&#8221; da_with_loader=&#8221;off&#8221; da_has_shadow=&#8221;on&#8221;][et_pb_row _builder_version=&#8221;4.16&#8243; _module_preset=&#8221;default&#8221; global_colors_info=&#8221;{}&#8221;][et_pb_column type=&#8221;4_4&#8243; _builder_version=&#8221;4.16&#8243; _module_preset=&#8221;default&#8221; global_colors_info=&#8221;{}&#8221;][et_pb_text admin_label=&#8221;KONTAKT UND CAD DATEN-DOWNLOAD&#8221; _builder_version=&#8221;4.16&#8243; text_font=&#8221;Montserrat||||||||&#8221; text_text_color=&#8221;#747d88&#8243; text_line_height=&#8221;1.9em&#8221; header_font=&#8221;||||||||&#8221; header_2_font=&#8221;Montserrat|700||on|||||&#8221; header_2_font_size=&#8221;42px&#8221; header_2_line_height=&#8221;1.3em&#8221; background_size=&#8221;initial&#8221; background_position=&#8221;top_left&#8221; background_repeat=&#8221;repeat&#8221; text_orientation=&#8221;center&#8221; module_alignment=&#8221;center&#8221; animation_style=&#8221;slide&#8221; animation_direction=&#8221;bottom&#8221; animation_intensity_slide=&#8221;4%&#8221; global_colors_info=&#8221;{}&#8221;]<\/p>\n<h2>CONTACT AND CAD DATA DOWNLOAD<\/h2>\n<p>[\/et_pb_text][wpforms_selector form_id=&#8221;986&#8243; admin_label=&#8221;WPforms Kontaktformular&#8221; _builder_version=&#8221;4.14.2&#8243; _module_preset=&#8221;default&#8221; global_colors_info=&#8221;{}&#8221;][\/wpforms_selector][\/et_pb_column][\/et_pb_row][\/et_pb_section]<\/p>\n","protected":false},"excerpt":{"rendered":"<p>Modular belt conveyorModule conveyor MBF-P\/S 55\/100SThe integrated castors make it easy to move heavy loads! As profile or steel (VA) base, both variants are available!Module conveyor MBF-P\/S 55\/100S The MBF-P\/S 55\/100S modular chain conveyor is the heavy-duty version of our modular conveyor technology multi-talents. Integrated castors allow the MBF-P\/S 55\/100S to move heavy loads easily [&hellip;]<\/p>\n","protected":false},"author":1,"featured_media":0,"parent":244678,"menu_order":0,"comment_status":"closed","ping_status":"closed","template":"","meta":{"_et_pb_use_builder":"on","_et_pb_old_content":"","_et_gb_content_width":"","footnotes":""},"class_list":["post-244807","page","type-page","status-publish","hentry"],"_links":{"self":[{"href":"https:\/\/ergotek.de\/en\/wp-json\/wp\/v2\/pages\/244807","targetHints":{"allow":["GET"]}}],"collection":[{"href":"https:\/\/ergotek.de\/en\/wp-json\/wp\/v2\/pages"}],"about":[{"href":"https:\/\/ergotek.de\/en\/wp-json\/wp\/v2\/types\/page"}],"author":[{"embeddable":true,"href":"https:\/\/ergotek.de\/en\/wp-json\/wp\/v2\/users\/1"}],"replies":[{"embeddable":true,"href":"https:\/\/ergotek.de\/en\/wp-json\/wp\/v2\/comments?post=244807"}],"version-history":[{"count":7,"href":"https:\/\/ergotek.de\/en\/wp-json\/wp\/v2\/pages\/244807\/revisions"}],"predecessor-version":[{"id":247866,"href":"https:\/\/ergotek.de\/en\/wp-json\/wp\/v2\/pages\/244807\/revisions\/247866"}],"up":[{"embeddable":true,"href":"https:\/\/ergotek.de\/en\/wp-json\/wp\/v2\/pages\/244678"}],"wp:attachment":[{"href":"https:\/\/ergotek.de\/en\/wp-json\/wp\/v2\/media?parent=244807"}],"curies":[{"name":"wp","href":"https:\/\/api.w.org\/{rel}","templated":true}]}}